{"id":671,"date":"2022-04-11T12:55:18","date_gmt":"2022-04-11T10:55:18","guid":{"rendered":"http:\/\/ndeby.org\/?page_id=671"},"modified":"2024-09-07T12:26:26","modified_gmt":"2024-09-07T10:26:26","slug":"les-franchises","status":"publish","type":"page","link":"https:\/\/ndeby.org\/index.php\/les-franchises\/","title":{"rendered":"Les franchises"},"content":{"rendered":"\t\t<div data-elementor-type=\"wp-page\" data-elementor-id=\"671\" class=\"elementor elementor-671\" data-elementor-post-type=\"page\">\n\t\t\t\t\t\t<section class=\"elementor-section elementor-top-section elementor-element elementor-element-8e32e3e elementor-section-boxed elementor-section-height-default elementor-section-height-default\" data-id=\"8e32e3e\" data-element_type=\"section\" data-e-type=\"section\" data-settings=\"{&quot;background_background&quot;:&quot;classic&quot;}\">\n\t\t\t\t\t\t\t<div class=\"elementor-background-overlay\"><\/div>\n\t\t\t\t\t\t\t<div class=\"elementor-container elementor-column-gap-default\">\n\t\t\t\t\t<div class=\"elementor-column elementor-col-100 elementor-top-column elementor-element elementor-element-7bb3b44\" data-id=\"7bb3b44\" data-element_type=\"column\" data-e-type=\"column\">\n\t\t\t<div class=\"elementor-widget-wrap elementor-element-populated\">\n\t\t\t\t\t\t<div class=\"elementor-element elementor-element-3ec1927 elementor-icon-list--layout-inline elementor-align-center elementor-list-item-link-full_width elementor-widget elementor-widget-icon-list\" data-id=\"3ec1927\" data-element_type=\"widget\" data-e-type=\"widget\" data-widget_type=\"icon-list.default\">\n\t\t\t\t<div class=\"elementor-widget-container\">\n\t\t\t\t\t\t\t<ul class=\"elementor-icon-list-items elementor-inline-items\">\n\t\t\t\t\t\t\t<li class=\"elementor-icon-list-item elementor-inline-item\">\n\t\t\t\t\t\t\t\t\t\t\t<a href=\"https:\/\/ndeby.org\">\n\n\t\t\t\t\t\t\t\t\t\t\t<span class=\"elementor-icon-list-text\">Accueil<\/span>\n\t\t\t\t\t\t\t\t\t\t\t<\/a>\n\t\t\t\t\t\t\t\t\t<\/li>\n\t\t\t\t\t\t\t\t<li class=\"elementor-icon-list-item elementor-inline-item\">\n\t\t\t\t\t\t\t\t\t\t\t<span class=\"elementor-icon-list-icon\">\n\t\t\t\t\t\t\t<i aria-hidden=\"true\" class=\"fas fa-angle-right\"><\/i>\t\t\t\t\t\t<\/span>\n\t\t\t\t\t\t\t\t\t\t<span class=\"elementor-icon-list-text\"><\/span>\n\t\t\t\t\t\t\t\t\t<\/li>\n\t\t\t\t\t\t<\/ul>\n\t\t\t\t\t\t<\/div>\n\t\t\t\t<\/div>\n\t\t\t\t\t<\/div>\n\t\t<\/div>\n\t\t\t\t\t<\/div>\n\t\t<\/section>\n\t\t\t\t<section class=\"elementor-section elementor-top-section elementor-element elementor-element-0c59ad6 elementor-section-boxed elementor-section-height-default elementor-section-height-default\" data-id=\"0c59ad6\" data-element_type=\"section\" data-e-type=\"section\">\n\t\t\t\t\t\t<div class=\"elementor-container elementor-column-gap-default\">\n\t\t\t\t\t<div class=\"elementor-column elementor-col-100 elementor-top-column elementor-element elementor-element-6041947\" data-id=\"6041947\" data-element_type=\"column\" data-e-type=\"column\">\n\t\t\t<div class=\"elementor-widget-wrap elementor-element-populated\">\n\t\t\t\t\t\t<div class=\"elementor-element elementor-element-36f06ca elementor-widget elementor-widget-spacer\" data-id=\"36f06ca\" data-element_type=\"widget\" data-e-type=\"widget\" data-widget_type=\"spacer.default\">\n\t\t\t\t<div class=\"elementor-widget-container\">\n\t\t\t\t\t\t\t<div class=\"elementor-spacer\">\n\t\t\t<div class=\"elementor-spacer-inner\"><\/div>\n\t\t<\/div>\n\t\t\t\t\t\t<\/div>\n\t\t\t\t<\/div>\n\t\t\t\t<div class=\"elementor-element elementor-element-3fe59cb elementor-widget elementor-widget-elementskit-tablepress\" data-id=\"3fe59cb\" data-element_type=\"widget\" data-e-type=\"widget\" data-widget_type=\"elementskit-tablepress.default\">\n\t\t\t\t<div class=\"elementor-widget-container\">\n\t\t\t\t\t<div class=\"elemenetskit-tablepress ekit-wid-con\" id=\"ekit_tablepress_3fe59cb\">\n<table id=\"tablepress-1\" class=\"tablepress tablepress-id-1\">\n<thead>\n<tr class=\"row-1\">\n\t<th class=\"column-1\">Compteur<\/th><th class=\"column-2\">P\u00e9riode<\/th><th class=\"column-3\">Pays<\/th><th class=\"column-4\">Ville<\/th><th class=\"column-5\">Entit\u00e9<\/th><th class=\"column-6\">Effectif<\/th><th class=\"column-7\">Nom Dirigeant<\/th><th class=\"column-8\">Activit\u00e9<\/th>\n<\/tr>\n<\/thead>\n<tbody class=\"row-striping row-hover\">\n<tr class=\"row-2\">\n\t<td class=\"column-1\">1<\/td><td class=\"column-2\">2016<\/td><td class=\"column-3\">Cameroun<\/td><td class=\"column-4\">Yaound\u00e9<\/td><td class=\"column-5\">BePro Consultnig<\/td><td class=\"column-6\">4<\/td><td class=\"column-7\">4<\/td><td class=\"column-8\">Mise \u00e0 niveau des entreprises<\/td>\n<\/tr>\n<tr class=\"row-3\">\n\t<td class=\"column-1\">2<\/td><td class=\"column-2\">2016<\/td><td class=\"column-3\">Cameroun<\/td><td class=\"column-4\">Douala<\/td><td class=\"column-5\">Halal <\/td><td class=\"column-6\">2<\/td><td class=\"column-7\">Bassirou Yaouba<\/td><td class=\"column-8\">Mise \u00e0 niveau des entreprises<\/td>\n<\/tr>\n<tr class=\"row-4\">\n\t<td class=\"column-1\">3<\/td><td class=\"column-2\">2016<\/td><td class=\"column-3\">Gabon<\/td><td class=\"column-4\">Libreville<\/td><td class=\"column-5\">Solutions Nd\u00e9by<\/td><td class=\"column-6\">2<\/td><td class=\"column-7\">Emmanuel Ep\u00e9e<\/td><td class=\"column-8\">Mise \u00e0 niveau des entreprises<\/td>\n<\/tr>\n<tr class=\"row-5\">\n\t<td class=\"column-1\">4<\/td><td class=\"column-2\">2016<\/td><td class=\"column-3\">Cameroun<\/td><td class=\"column-4\">N'Gaound\u00e9r\u00e9<\/td><td class=\"column-5\">Solutions Nd\u00e9by<\/td><td class=\"column-6\">2<\/td><td class=\"column-7\">Dr <\/td><td class=\"column-8\">Mise \u00e0 niveau des entreprises<\/td>\n<\/tr>\n<tr class=\"row-6\">\n\t<td class=\"column-1\">5<\/td><td class=\"column-2\">2016<\/td><td class=\"column-3\">France<\/td><td class=\"column-4\">Narbonne (11)<\/td><td class=\"column-5\">Solutions Nd\u00e9by<\/td><td class=\"column-6\">2<\/td><td class=\"column-7\">J\u00e9r\u00e9my Nd\u00e9by<\/td><td class=\"column-8\">Mise \u00e0 niveau des entreprises<\/td>\n<\/tr>\n<tr class=\"row-7\">\n\t<td class=\"column-1\">6<\/td><td class=\"column-2\">2016<\/td><td class=\"column-3\">Italie<\/td><td class=\"column-4\">Milan (Italie)<\/td><td class=\"column-5\">Solutions Nd\u00e9by<\/td><td class=\"column-6\">2<\/td><td class=\"column-7\">Pauline Emeraude Tchang<\/td><td class=\"column-8\">Mise \u00e0 niveau des entreprises<\/td>\n<\/tr>\n<\/tbody>\n<\/table>\n<!-- #tablepress-1 from cache --><\/div>\t\t\t\t<\/div>\n\t\t\t\t<\/div>\n\t\t\t\t\t<\/div>\n\t\t<\/div>\n\t\t\t\t\t<\/div>\n\t\t<\/section>\n\t\t\t\t<\/div>\n\t\t","protected":false},"excerpt":{"rendered":"<p>Accueil<\/p>\n","protected":false},"author":1,"featured_media":0,"parent":0,"menu_order":0,"comment_status":"closed","ping_status":"closed","template":"elementor_header_footer","meta":{"footnotes":""},"class_list":["post-671","page","type-page","status-publish","hentry"],"_links":{"self":[{"href":"https:\/\/ndeby.org\/index.php\/wp-json\/wp\/v2\/pages\/671","targetHints":{"allow":["GET"]}}],"collection":[{"href":"https:\/\/ndeby.org\/index.php\/wp-json\/wp\/v2\/pages"}],"about":[{"href":"https:\/\/ndeby.org\/index.php\/wp-json\/wp\/v2\/types\/page"}],"author":[{"embeddable":true,"href":"https:\/\/ndeby.org\/index.php\/wp-json\/wp\/v2\/users\/1"}],"replies":[{"embeddable":true,"href":"https:\/\/ndeby.org\/index.php\/wp-json\/wp\/v2\/comments?post=671"}],"version-history":[{"count":11,"href":"https:\/\/ndeby.org\/index.php\/wp-json\/wp\/v2\/pages\/671\/revisions"}],"predecessor-version":[{"id":836,"href":"https:\/\/ndeby.org\/index.php\/wp-json\/wp\/v2\/pages\/671\/revisions\/836"}],"wp:attachment":[{"href":"https:\/\/ndeby.org\/index.php\/wp-json\/wp\/v2\/media?parent=671"}],"curies":[{"name":"wp","href":"https:\/\/api.w.org\/{rel}","templated":true}]}}