{"id":669,"date":"2022-04-11T12:54:10","date_gmt":"2022-04-11T10:54:10","guid":{"rendered":"http:\/\/ndeby.org\/?page_id=669"},"modified":"2022-04-19T11:32:54","modified_gmt":"2022-04-19T09:32:54","slug":"la-franchise","status":"publish","type":"page","link":"https:\/\/ndeby.org\/index.php\/la-franchise\/","title":{"rendered":"La franchise"},"content":{"rendered":"\t\t<div data-elementor-type=\"wp-page\" data-elementor-id=\"669\" class=\"elementor elementor-669\" data-elementor-post-type=\"page\">\n\t\t\t\t\t\t<section class=\"elementor-section elementor-top-section elementor-element elementor-element-d2c4c5d elementor-section-boxed elementor-section-height-default elementor-section-height-default\" data-id=\"d2c4c5d\" data-element_type=\"section\" data-e-type=\"section\" data-settings=\"{&quot;background_background&quot;:&quot;classic&quot;}\">\n\t\t\t\t\t\t\t<div class=\"elementor-background-overlay\"><\/div>\n\t\t\t\t\t\t\t<div class=\"elementor-container elementor-column-gap-default\">\n\t\t\t\t\t<div class=\"elementor-column elementor-col-100 elementor-top-column elementor-element elementor-element-5fae036\" data-id=\"5fae036\" data-element_type=\"column\" data-e-type=\"column\">\n\t\t\t<div class=\"elementor-widget-wrap elementor-element-populated\">\n\t\t\t\t\t\t<div class=\"elementor-element elementor-element-4e50904 elementor-icon-list--layout-inline elementor-align-center elementor-list-item-link-full_width elementor-widget elementor-widget-icon-list\" data-id=\"4e50904\" data-element_type=\"widget\" data-e-type=\"widget\" data-widget_type=\"icon-list.default\">\n\t\t\t\t<div class=\"elementor-widget-container\">\n\t\t\t\t\t\t\t<ul class=\"elementor-icon-list-items elementor-inline-items\">\n\t\t\t\t\t\t\t<li class=\"elementor-icon-list-item elementor-inline-item\">\n\t\t\t\t\t\t\t\t\t\t\t<a href=\"https:\/\/ndeby.org\">\n\n\t\t\t\t\t\t\t\t\t\t\t<span class=\"elementor-icon-list-text\">Accueil<\/span>\n\t\t\t\t\t\t\t\t\t\t\t<\/a>\n\t\t\t\t\t\t\t\t\t<\/li>\n\t\t\t\t\t\t\t\t<li class=\"elementor-icon-list-item elementor-inline-item\">\n\t\t\t\t\t\t\t\t\t\t\t<span class=\"elementor-icon-list-icon\">\n\t\t\t\t\t\t\t<i aria-hidden=\"true\" class=\"fas fa-angle-right\"><\/i>\t\t\t\t\t\t<\/span>\n\t\t\t\t\t\t\t\t\t\t<span class=\"elementor-icon-list-text\"><\/span>\n\t\t\t\t\t\t\t\t\t<\/li>\n\t\t\t\t\t\t<\/ul>\n\t\t\t\t\t\t<\/div>\n\t\t\t\t<\/div>\n\t\t\t\t\t<\/div>\n\t\t<\/div>\n\t\t\t\t\t<\/div>\n\t\t<\/section>\n\t\t\t\t<section class=\"elementor-section elementor-top-section elementor-element elementor-element-8758d44 elementor-section-boxed elementor-section-height-default elementor-section-height-default\" data-id=\"8758d44\" data-element_type=\"section\" data-e-type=\"section\">\n\t\t\t\t\t\t<div class=\"elementor-container elementor-column-gap-default\">\n\t\t\t\t\t<div class=\"elementor-column elementor-col-100 elementor-top-column elementor-element elementor-element-de00f87\" data-id=\"de00f87\" data-element_type=\"column\" data-e-type=\"column\">\n\t\t\t<div class=\"elementor-widget-wrap elementor-element-populated\">\n\t\t\t\t\t\t<div class=\"elementor-element elementor-element-0457eb8 elementor-widget elementor-widget-spacer\" data-id=\"0457eb8\" data-element_type=\"widget\" data-e-type=\"widget\" data-widget_type=\"spacer.default\">\n\t\t\t\t<div class=\"elementor-widget-container\">\n\t\t\t\t\t\t\t<div class=\"elementor-spacer\">\n\t\t\t<div class=\"elementor-spacer-inner\"><\/div>\n\t\t<\/div>\n\t\t\t\t\t\t<\/div>\n\t\t\t\t<\/div>\n\t\t\t\t<div class=\"elementor-element elementor-element-7b439a4 elementor-widget elementor-widget-heading\" data-id=\"7b439a4\" data-element_type=\"widget\" data-e-type=\"widget\" data-widget_type=\"heading.default\">\n\t\t\t\t<div class=\"elementor-widget-container\">\n\t\t\t\t\t<h2 class=\"elementor-heading-title elementor-size-default\">Solutions Nd\u00e9by fait le choix de la franchise.<\/h2>\t\t\t\t<\/div>\n\t\t\t\t<\/div>\n\t\t\t\t<div class=\"elementor-element elementor-element-1859ed7 elementor-widget elementor-widget-text-editor\" data-id=\"1859ed7\" data-element_type=\"widget\" data-e-type=\"widget\" data-widget_type=\"text-editor.default\">\n\t\t\t\t<div class=\"elementor-widget-container\">\n\t\t\t\t\t\t\t\t\t<p>Il s\u2019agit de permettre aux jeunes de cr\u00e9er leur entreprise et de contribuer ainsi \u00e0 la r\u00e9duction du ch\u00f4mage des jeunes dipl\u00f4m\u00e9s.<\/p>\t\t\t\t\t\t\t\t<\/div>\n\t\t\t\t<\/div>\n\t\t\t\t\t<\/div>\n\t\t<\/div>\n\t\t\t\t\t<\/div>\n\t\t<\/section>\n\t\t\t\t<section class=\"elementor-section elementor-top-section elementor-element elementor-element-7583667 elementor-section-boxed elementor-section-height-default elementor-section-height-default\" data-id=\"7583667\" data-element_type=\"section\" data-e-type=\"section\">\n\t\t\t\t\t\t<div class=\"elementor-container elementor-column-gap-default\">\n\t\t\t\t\t<div class=\"elementor-column elementor-col-100 elementor-top-column elementor-element elementor-element-9cad35b\" data-id=\"9cad35b\" data-element_type=\"column\" data-e-type=\"column\">\n\t\t\t<div class=\"elementor-widget-wrap elementor-element-populated\">\n\t\t\t\t\t\t<div class=\"elementor-element elementor-element-146dd7f elementor-widget elementor-widget-spacer\" data-id=\"146dd7f\" data-element_type=\"widget\" data-e-type=\"widget\" data-widget_type=\"spacer.default\">\n\t\t\t\t<div class=\"elementor-widget-container\">\n\t\t\t\t\t\t\t<div class=\"elementor-spacer\">\n\t\t\t<div class=\"elementor-spacer-inner\"><\/div>\n\t\t<\/div>\n\t\t\t\t\t\t<\/div>\n\t\t\t\t<\/div>\n\t\t\t\t<div class=\"elementor-element elementor-element-b92ae46 elementor-widget elementor-widget-heading\" data-id=\"b92ae46\" data-element_type=\"widget\" data-e-type=\"widget\" data-widget_type=\"heading.default\">\n\t\t\t\t<div class=\"elementor-widget-container\">\n\t\t\t\t\t<h2 class=\"elementor-heading-title elementor-size-default\">Le principe du mod\u00e8le de la franchise<\/h2>\t\t\t\t<\/div>\n\t\t\t\t<\/div>\n\t\t\t\t<div class=\"elementor-element elementor-element-91360e7 elementor-widget elementor-widget-text-editor\" data-id=\"91360e7\" data-element_type=\"widget\" data-e-type=\"widget\" data-widget_type=\"text-editor.default\">\n\t\t\t\t<div class=\"elementor-widget-container\">\n\t\t\t\t\t\t\t\t\t<p>La franchise fait partie de la vaste famille du<strong>\u00a0<span style=\"color: #2f8688;\"><a style=\"color: #2f8688;\" href=\"http:\/\/www.toute-la-franchise.com\/vie-de-la-franchise-A5261-fiche-pratique-commerce-associe.html\">commerce organis\u00e9<\/a><\/span>\u00a0<\/strong>qui comprend \u00e9galement la commission affiliation, la licence de marque, la coop\u00e9rative et le partenariat (cf.\u00a0<span style=\"color: #2f8688;\"><strong><a style=\"color: #2f8688;\" href=\"http:\/\/www.toute-la-franchise.com\/vie-de-la-franchise-A79-les-differentes-formes-de-commerce.html\">Les diff\u00e9rentes formes de commerce organis\u00e9<\/a>)<\/strong>.<\/span> Le d\u00e9veloppement se fait en r\u00e9seau.\u00a0<strong>Au c\u0153ur de toutes franchises se trouve une entreprise ind\u00e9pendante (le franchiseur)<\/strong>.<\/p><p>Cette entreprise particuli\u00e8re se distingue des autres par ses choix de d\u00e9veloppement. Au lieu de grandir en finan\u00e7ant la cr\u00e9ation de nouveaux points de vente sur ses fonds propres, le franchiseur d\u00e9cide \u00e0 un moment donn\u00e9 de d\u00e9l\u00e9guer \u00e0 d&rsquo;autres entreprises ind\u00e9pendantes l&rsquo;exploitation de nouveaux points de vente.<\/p><p>Ces nouveaux points de vente reprennent les m\u00eames caract\u00e9ristiques que l&rsquo;unit\u00e9 de vente de r\u00e9f\u00e9rence (le pilote), \u00e0 savoir la m\u00eame marque, le m\u00eame savoir-faire, la m\u00eame d\u00e9finition de produits, les m\u00eames moyens logistiques, etc. Toutes ces caract\u00e9ristiques forment le concept de franchise.<\/p>\t\t\t\t\t\t\t\t<\/div>\n\t\t\t\t<\/div>\n\t\t\t\t\t<\/div>\n\t\t<\/div>\n\t\t\t\t\t<\/div>\n\t\t<\/section>\n\t\t\t\t<section class=\"elementor-section elementor-top-section elementor-element elementor-element-a09c6ea elementor-section-boxed elementor-section-height-default elementor-section-height-default\" data-id=\"a09c6ea\" data-element_type=\"section\" data-e-type=\"section\">\n\t\t\t\t\t\t<div class=\"elementor-container elementor-column-gap-default\">\n\t\t\t\t\t<div class=\"elementor-column elementor-col-100 elementor-top-column elementor-element elementor-element-c0df860\" data-id=\"c0df860\" data-element_type=\"column\" data-e-type=\"column\">\n\t\t\t<div class=\"elementor-widget-wrap elementor-element-populated\">\n\t\t\t\t\t\t<div class=\"elementor-element elementor-element-5786546 elementor-widget elementor-widget-spacer\" data-id=\"5786546\" data-element_type=\"widget\" data-e-type=\"widget\" data-widget_type=\"spacer.default\">\n\t\t\t\t<div class=\"elementor-widget-container\">\n\t\t\t\t\t\t\t<div class=\"elementor-spacer\">\n\t\t\t<div class=\"elementor-spacer-inner\"><\/div>\n\t\t<\/div>\n\t\t\t\t\t\t<\/div>\n\t\t\t\t<\/div>\n\t\t\t\t<div class=\"elementor-element elementor-element-babbf85 elementor-widget elementor-widget-heading\" data-id=\"babbf85\" data-element_type=\"widget\" data-e-type=\"widget\" data-widget_type=\"heading.default\">\n\t\t\t\t<div class=\"elementor-widget-container\">\n\t\t\t\t\t<h2 class=\"elementor-heading-title elementor-size-default\">Les cat\u00e9gories de franchises :<\/h2>\t\t\t\t<\/div>\n\t\t\t\t<\/div>\n\t\t\t\t<div class=\"elementor-element elementor-element-025da9d elementor-widget elementor-widget-text-editor\" data-id=\"025da9d\" data-element_type=\"widget\" data-e-type=\"widget\" data-widget_type=\"text-editor.default\">\n\t\t\t\t<div class=\"elementor-widget-container\">\n\t\t\t\t\t\t\t\t\t<p>On diff\u00e9rencie g\u00e9n\u00e9ralement dans le secteur 3 types de franchises :<\/p><ol><li><strong>La franchise de distribution<\/strong>\u00a0: le franchis\u00e9 va vendre dans le magasin qu&rsquo;il aura lanc\u00e9 les produits sous la marque du franchiseur.<\/li><li><strong>La franchise de services<\/strong>\u00a0: le franchis\u00e9 r\u00e9alise des prestations de services en utilisant le nom ou la marque du franchiseur. Le franchis\u00e9 se doit de suivre \u00e0 la lettre les m\u00e9thodes et directives dict\u00e9es par le franchiseur lors de la r\u00e9alisation des prestations de services.<\/li><li><strong>La franchise industrielle<\/strong>\u00a0: le franchis\u00e9 va, dans ce type de franchise, fabriquer des produits pour le compte du franchiseur en suivant ses instructions. Ce type de franchise est par exemple utilis\u00e9 par des multinationales qui produisent localement leurs produits.<\/li><\/ol>\t\t\t\t\t\t\t\t<\/div>\n\t\t\t\t<\/div>\n\t\t\t\t\t<\/div>\n\t\t<\/div>\n\t\t\t\t\t<\/div>\n\t\t<\/section>\n\t\t\t\t<section class=\"elementor-section elementor-top-section elementor-element elementor-element-440e124 elementor-section-boxed elementor-section-height-default elementor-section-height-default\" data-id=\"440e124\" data-element_type=\"section\" data-e-type=\"section\">\n\t\t\t\t\t\t<div class=\"elementor-container elementor-column-gap-default\">\n\t\t\t\t\t<div class=\"elementor-column elementor-col-100 elementor-top-column elementor-element elementor-element-403028c\" data-id=\"403028c\" data-element_type=\"column\" data-e-type=\"column\">\n\t\t\t<div class=\"elementor-widget-wrap elementor-element-populated\">\n\t\t\t\t\t\t<div class=\"elementor-element elementor-element-a903bd5 elementor-widget elementor-widget-spacer\" data-id=\"a903bd5\" data-element_type=\"widget\" data-e-type=\"widget\" data-widget_type=\"spacer.default\">\n\t\t\t\t<div class=\"elementor-widget-container\">\n\t\t\t\t\t\t\t<div class=\"elementor-spacer\">\n\t\t\t<div class=\"elementor-spacer-inner\"><\/div>\n\t\t<\/div>\n\t\t\t\t\t\t<\/div>\n\t\t\t\t<\/div>\n\t\t\t\t<div class=\"elementor-element elementor-element-e3f9e41 elementor-widget elementor-widget-heading\" data-id=\"e3f9e41\" data-element_type=\"widget\" data-e-type=\"widget\" data-widget_type=\"heading.default\">\n\t\t\t\t<div class=\"elementor-widget-container\">\n\t\t\t\t\t<h2 class=\"elementor-heading-title elementor-size-default\">La franchise : pour qui ?<\/h2>\t\t\t\t<\/div>\n\t\t\t\t<\/div>\n\t\t\t\t<div class=\"elementor-element elementor-element-3f9582e elementor-widget elementor-widget-text-editor\" data-id=\"3f9582e\" data-element_type=\"widget\" data-e-type=\"widget\" data-widget_type=\"text-editor.default\">\n\t\t\t\t<div class=\"elementor-widget-container\">\n\t\t\t\t\t\t\t\t\t<p>La franchise est un d\u00e9veloppement en r\u00e9seau de points de vente (les franchis\u00e9s) sur la base d&rsquo;un concept \u00e9tabli par une entreprise (le franchiseur). Le franchis\u00e9 est n\u00e9cessairement un entrepreneur ind\u00e9pendant. Il peut \u00eatre une personne physique (un commer\u00e7ant par exemple) ou une personne morale (une entreprise). Le profil type d&rsquo;un franchis\u00e9 est avant tout celui d&rsquo;un entrepreneur. Il doit savoir g\u00e9rer son affaire au quotidien tant sur le plan comptable et commercial que sur celui du management de ses \u00e9quipes.<\/p>\t\t\t\t\t\t\t\t<\/div>\n\t\t\t\t<\/div>\n\t\t\t\t\t<\/div>\n\t\t<\/div>\n\t\t\t\t\t<\/div>\n\t\t<\/section>\n\t\t\t\t<section class=\"elementor-section elementor-top-section elementor-element elementor-element-39ed0d5 elementor-section-boxed elementor-section-height-default elementor-section-height-default\" data-id=\"39ed0d5\" data-element_type=\"section\" data-e-type=\"section\">\n\t\t\t\t\t\t<div class=\"elementor-container elementor-column-gap-default\">\n\t\t\t\t\t<div class=\"elementor-column elementor-col-100 elementor-top-column elementor-element elementor-element-7b40ddd\" data-id=\"7b40ddd\" data-element_type=\"column\" data-e-type=\"column\">\n\t\t\t<div class=\"elementor-widget-wrap elementor-element-populated\">\n\t\t\t\t\t\t<div class=\"elementor-element elementor-element-5c0c863 elementor-widget elementor-widget-spacer\" data-id=\"5c0c863\" data-element_type=\"widget\" data-e-type=\"widget\" data-widget_type=\"spacer.default\">\n\t\t\t\t<div class=\"elementor-widget-container\">\n\t\t\t\t\t\t\t<div class=\"elementor-spacer\">\n\t\t\t<div class=\"elementor-spacer-inner\"><\/div>\n\t\t<\/div>\n\t\t\t\t\t\t<\/div>\n\t\t\t\t<\/div>\n\t\t\t\t<div class=\"elementor-element elementor-element-fd6893b elementor-widget elementor-widget-heading\" data-id=\"fd6893b\" data-element_type=\"widget\" data-e-type=\"widget\" data-widget_type=\"heading.default\">\n\t\t\t\t<div class=\"elementor-widget-container\">\n\t\t\t\t\t<h2 class=\"elementor-heading-title elementor-size-default\">Les avantages de la franchise<\/h2>\t\t\t\t<\/div>\n\t\t\t\t<\/div>\n\t\t\t\t<div class=\"elementor-element elementor-element-9e19fa7 elementor-widget elementor-widget-text-editor\" data-id=\"9e19fa7\" data-element_type=\"widget\" data-e-type=\"widget\" data-widget_type=\"text-editor.default\">\n\t\t\t\t<div class=\"elementor-widget-container\">\n\t\t\t\t\t\t\t\t\t<ul><li>Les principaux\u00a0<strong>avantages de la franchise pour le franchis\u00e9<\/strong>sont :<ul><li>de pouvoir d\u00e9marrer et exercer une\u00a0<strong>activit\u00e9 d\u00e9j\u00e0 test\u00e9e par le franchiseur<\/strong>: Il peut s&rsquo;appuyer sur le savoir-faire et la notori\u00e9t\u00e9 de la marque de son r\u00e9seau de franchise pour r\u00e9ussir. La cr\u00e9ation devient ainsi moins risqu\u00e9e. Les entreprises cr\u00e9\u00e9es en franchise sont notablement plus p\u00e9rennes dans le temps que celles cr\u00e9\u00e9es en solo<\/li><li>de\u00a0<strong>b\u00e9n\u00e9ficier d&rsquo;un accompagnement<\/strong>de tous les instants de la part du franchiseur : Formation initiale, formation continue, animation de r\u00e9seau, assistance technique&#8230; le franchiseur est toujours pr\u00e9sent aux c\u00f4t\u00e9s du franchis\u00e9. Les autres franchis\u00e9s du r\u00e9seau sont aussi l\u00e0 pour \u00e9pauler le franchis\u00e9 au quotidien ;<\/li><li>de profiter des\u00a0<strong>facilit\u00e9s et des infrastructures d&rsquo;un groupe tout en restant ind\u00e9pendant<\/strong>: Outils de gestion, plate-forme logistique, site internet, central d\u2019appels\u2026 le franchis\u00e9 a \u00e0 sa disposition des outils performants qu&rsquo;il ne pourrait s&rsquo;offrir en cr\u00e9ation en solo ;<\/li><li>de b\u00e9n\u00e9ficier d&rsquo;une <strong>exclusivit\u00e9 d&rsquo;exploitation sur un territoire donn\u00e9<\/strong>.<\/li><\/ul><\/li><\/ul><p><br \/><br \/><\/p>\t\t\t\t\t\t\t\t<\/div>\n\t\t\t\t<\/div>\n\t\t\t\t\t<\/div>\n\t\t<\/div>\n\t\t\t\t\t<\/div>\n\t\t<\/section>\n\t\t\t\t<\/div>\n\t\t","protected":false},"excerpt":{"rendered":"<p>Accueil Solutions Nd\u00e9by fait le choix de la franchise. Il s\u2019agit de permettre aux jeunes de cr\u00e9er leur entreprise et de contribuer ainsi \u00e0 la r\u00e9duction du ch\u00f4mage des jeunes dipl\u00f4m\u00e9s. Le principe du mod\u00e8le de la franchise La franchise fait partie de la vaste famille du\u00a0commerce organis\u00e9\u00a0qui comprend \u00e9galement la commission affiliation, la licence [&hellip;]<\/p>\n","protected":false},"author":1,"featured_media":0,"parent":0,"menu_order":0,"comment_status":"closed","ping_status":"closed","template":"elementor_header_footer","meta":{"footnotes":""},"class_list":["post-669","page","type-page","status-publish","hentry"],"_links":{"self":[{"href":"https:\/\/ndeby.org\/index.php\/wp-json\/wp\/v2\/pages\/669"}],"collection":[{"href":"https:\/\/ndeby.org\/index.php\/wp-json\/wp\/v2\/pages"}],"about":[{"href":"https:\/\/ndeby.org\/index.php\/wp-json\/wp\/v2\/types\/page"}],"author":[{"embeddable":true,"href":"https:\/\/ndeby.org\/index.php\/wp-json\/wp\/v2\/users\/1"}],"replies":[{"embeddable":true,"href":"https:\/\/ndeby.org\/index.php\/wp-json\/wp\/v2\/comments?post=669"}],"version-history":[{"count":4,"href":"https:\/\/ndeby.org\/index.php\/wp-json\/wp\/v2\/pages\/669\/revisions"}],"predecessor-version":[{"id":704,"href":"https:\/\/ndeby.org\/index.php\/wp-json\/wp\/v2\/pages\/669\/revisions\/704"}],"wp:attachment":[{"href":"https:\/\/ndeby.org\/index.php\/wp-json\/wp\/v2\/media?parent=669"}],"curies":[{"name":"wp","href":"https:\/\/api.w.org\/{rel}","templated":true}]}}