{"id":662,"date":"2022-04-11T12:48:07","date_gmt":"2022-04-11T10:48:07","guid":{"rendered":"http:\/\/ndeby.org\/?page_id=662"},"modified":"2022-04-19T10:53:11","modified_gmt":"2022-04-19T08:53:11","slug":"code-de-conduite","status":"publish","type":"page","link":"https:\/\/ndeby.org\/index.php\/code-de-conduite\/","title":{"rendered":"Code de conduite"},"content":{"rendered":"\t\t<div data-elementor-type=\"wp-page\" data-elementor-id=\"662\" class=\"elementor elementor-662\" data-elementor-post-type=\"page\">\n\t\t\t\t\t\t<section class=\"elementor-section elementor-top-section elementor-element elementor-element-711893b elementor-section-boxed elementor-section-height-default elementor-section-height-default\" data-id=\"711893b\" data-element_type=\"section\" data-e-type=\"section\" data-settings=\"{&quot;background_background&quot;:&quot;classic&quot;}\">\n\t\t\t\t\t\t\t<div class=\"elementor-background-overlay\"><\/div>\n\t\t\t\t\t\t\t<div class=\"elementor-container elementor-column-gap-default\">\n\t\t\t\t\t<div class=\"elementor-column elementor-col-100 elementor-top-column elementor-element elementor-element-a48f1ae\" data-id=\"a48f1ae\" data-element_type=\"column\" data-e-type=\"column\">\n\t\t\t<div class=\"elementor-widget-wrap elementor-element-populated\">\n\t\t\t\t\t\t<div class=\"elementor-element elementor-element-0921fb4 elementor-icon-list--layout-inline elementor-align-center elementor-list-item-link-full_width elementor-widget elementor-widget-icon-list\" data-id=\"0921fb4\" data-element_type=\"widget\" data-e-type=\"widget\" data-widget_type=\"icon-list.default\">\n\t\t\t\t<div class=\"elementor-widget-container\">\n\t\t\t\t\t\t\t<ul class=\"elementor-icon-list-items elementor-inline-items\">\n\t\t\t\t\t\t\t<li class=\"elementor-icon-list-item elementor-inline-item\">\n\t\t\t\t\t\t\t\t\t\t\t<a href=\"https:\/\/ndeby.org\">\n\n\t\t\t\t\t\t\t\t\t\t\t<span class=\"elementor-icon-list-text\">Accueil<\/span>\n\t\t\t\t\t\t\t\t\t\t\t<\/a>\n\t\t\t\t\t\t\t\t\t<\/li>\n\t\t\t\t\t\t\t\t<li class=\"elementor-icon-list-item elementor-inline-item\">\n\t\t\t\t\t\t\t\t\t\t\t<span class=\"elementor-icon-list-icon\">\n\t\t\t\t\t\t\t<i aria-hidden=\"true\" class=\"fas fa-angle-right\"><\/i>\t\t\t\t\t\t<\/span>\n\t\t\t\t\t\t\t\t\t\t<span class=\"elementor-icon-list-text\"><\/span>\n\t\t\t\t\t\t\t\t\t<\/li>\n\t\t\t\t\t\t<\/ul>\n\t\t\t\t\t\t<\/div>\n\t\t\t\t<\/div>\n\t\t\t\t\t<\/div>\n\t\t<\/div>\n\t\t\t\t\t<\/div>\n\t\t<\/section>\n\t\t\t\t<section class=\"elementor-section elementor-top-section elementor-element elementor-element-38f6b7d elementor-section-boxed elementor-section-height-default elementor-section-height-default\" data-id=\"38f6b7d\" data-element_type=\"section\" data-e-type=\"section\">\n\t\t\t\t\t\t<div class=\"elementor-container elementor-column-gap-default\">\n\t\t\t\t\t<div class=\"elementor-column elementor-col-100 elementor-top-column elementor-element elementor-element-4c55dd5\" data-id=\"4c55dd5\" data-element_type=\"column\" data-e-type=\"column\">\n\t\t\t<div class=\"elementor-widget-wrap elementor-element-populated\">\n\t\t\t\t\t\t<div class=\"elementor-element elementor-element-b0430ab elementor-widget elementor-widget-spacer\" data-id=\"b0430ab\" data-element_type=\"widget\" data-e-type=\"widget\" data-widget_type=\"spacer.default\">\n\t\t\t\t<div class=\"elementor-widget-container\">\n\t\t\t\t\t\t\t<div class=\"elementor-spacer\">\n\t\t\t<div class=\"elementor-spacer-inner\"><\/div>\n\t\t<\/div>\n\t\t\t\t\t\t<\/div>\n\t\t\t\t<\/div>\n\t\t\t\t<div class=\"elementor-element elementor-element-43128fa elementor-widget elementor-widget-heading\" data-id=\"43128fa\" data-element_type=\"widget\" data-e-type=\"widget\" data-widget_type=\"heading.default\">\n\t\t\t\t<div class=\"elementor-widget-container\">\n\t\t\t\t\t<h2 class=\"elementor-heading-title elementor-size-default\">Code de conduite professionnelle<\/h2>\t\t\t\t<\/div>\n\t\t\t\t<\/div>\n\t\t\t\t<div class=\"elementor-element elementor-element-c72bd79 elementor-widget elementor-widget-text-editor\" data-id=\"c72bd79\" data-element_type=\"widget\" data-e-type=\"widget\" data-widget_type=\"text-editor.default\">\n\t\t\t\t<div class=\"elementor-widget-container\">\n\t\t\t\t\t\t\t\t\t<p>1 &#8211; Le Consultant Solutions Nd\u00e9by met son exp\u00e9rience et ses connaissances au service du client. Il n&rsquo;accepte que les missions pour lesquelles il est comp\u00e9tent et se porte garant des comp\u00e9tences du personnel qui l&rsquo;assiste et des m\u00e9thodes et outils qu&rsquo;il met en oeuvre dans l&rsquo;accomplissement de sa mission.<\/p><p>2 &#8211; Le Consultant Solutions Nd\u00e9by garantit un professionnalisme de haut niveau. Chaque mission sera effectu\u00e9e avec l&rsquo;honn\u00eatet\u00e9 et l&rsquo;application que le client est en droit d&rsquo;attendre d&rsquo;un professionnel.<\/p><p>3 &#8211; Les honoraires de Solutions Nd\u00e9by font l&rsquo;objet d&rsquo;un accord contractuel avec le client dans des conditions de conformit\u00e9 au contexte l\u00e9gal en vigueur d&rsquo;une part, et \u00e0 l&rsquo;\u00e9thique professionnelle de Solutions Nd\u00e9by, d&rsquo;autre part, Solutions Nd\u00e9by s&rsquo;engage \u00e0 n&rsquo;accepter ou \u00e0 ne verser, pour un contrat donn\u00e9, aucune r\u00e9mun\u00e9ration autre que celle convenue avec le client, qui pourrait entacher l&rsquo;ind\u00e9pendance de son jugement.<\/p><p>4 &#8211; Le Consultant Solutions Nd\u00e9by, dont les int\u00e9r\u00eats personnels ou financiers sont susceptibles d&rsquo;influencer le cours d&rsquo;une mission, s&rsquo;engage \u00e0 en avertir le client.<\/p><p>5 &#8211; Les informations port\u00e9es \u00e0 la connaissance du Consultant au cours d&rsquo;intervention de conseil ainsi que les r\u00e9sultats des travaux sont confidentiels. Ils ne pourront en aucun cas, \u00eatre utilis\u00e9s \u00e0 titre personnel, ni divulgu\u00e9s, sans l&rsquo;autorisation pr\u00e9alable du client.<\/p><p>6 &#8211; Solutions Nd\u00e9by s&rsquo;engage \u00e0 se conformer en tout temps aux crit\u00e8res et exigences de ses qualifications.<\/p><p>7 &#8211; Solutions Nd\u00e9by s&rsquo;engage \u00e0 informer son client de toutes modifications significatives de structure, d&rsquo;activit\u00e9 ou de moyens, affectant en tout ou partie sa conformit\u00e9 aux crit\u00e8res contractuels.<\/p><p>8 &#8211; Solutions Nd\u00e9by n&rsquo;intervient que pour les activit\u00e9s pour lesquelles il a des comp\u00e9tences Qualifi\u00e9es.<\/p><p>9- Solutions Nd\u00e9by s&rsquo;engage lorsqu&rsquo;il fait appel \u00e0 la sous-traitance dans l&rsquo;activit\u00e9 pour laquelle il est qualifi\u00e9, \u00e0 recourir \u00e0 une entreprise soit elle-m\u00eame qualifi\u00e9e pour l&rsquo;activit\u00e9 concern\u00e9e, soit ayant les comp\u00e9tences et moyens appropri\u00e9s reconnus par Solutions Nd\u00e9by.<\/p><p>10 &#8211; Solutions Nd\u00e9by s&rsquo;engage \u00e0 ne pas faire \u00e9tat de sa qualification d&rsquo;une fa\u00e7on qui puisse nuire \u00e0 la r\u00e9putation de la profession et \u00e0 ne faire aucune d\u00e9claration concernant cette qualification qui puisse \u00eatre jug\u00e9e abusive et non autoris\u00e9e par les professionnels de l&rsquo;activit\u00e9 concern\u00e9e.<\/p><p>11 &#8211; Solutions Nd\u00e9by s&rsquo;engage \u00e0 cesser imm\u00e9diatement, d\u00e8s la suspension ou le retrait de sa qualification (quel que soit le cas), toute publicit\u00e9 qui, d&rsquo;une mani\u00e8re ou d&rsquo;une autre, s&rsquo;y r\u00e9f\u00e8re, et retourne tout document de qualification exig\u00e9 par la profession.<\/p><p>12 &#8211; Solutions Nd\u00e9by doit veiller \u00e0 ce qu&rsquo;aucun document, marque ou certificat de qualification, ne soit utilis\u00e9 en totalit\u00e9 ou en partie de fa\u00e7on abusive.<\/p><p>13 &#8211; Solutions Nd\u00e9by doit tenir \u00e0 disposition des professionnels de l&rsquo;activit\u00e9 les \u00e9l\u00e9ments de preuves correspondant au respect et au maintien des crit\u00e8res de qualification et les mettre \u00e0 sa disposition sur simple demande.<\/p><p>14 &#8211; Solutions Nd\u00e9by s&rsquo;engage \u00e0 promouvoir les qualifications attribu\u00e9es par les professionnels et le pr\u00e9sent document aupr\u00e8s de ses clients.<\/p>\t\t\t\t\t\t\t\t<\/div>\n\t\t\t\t<\/div>\n\t\t\t\t\t<\/div>\n\t\t<\/div>\n\t\t\t\t\t<\/div>\n\t\t<\/section>\n\t\t\t\t<section class=\"elementor-section elementor-top-section elementor-element elementor-element-2fc8138 elementor-section-boxed elementor-section-height-default elementor-section-height-default\" data-id=\"2fc8138\" data-element_type=\"section\" data-e-type=\"section\">\n\t\t\t\t\t\t<div class=\"elementor-container elementor-column-gap-default\">\n\t\t\t\t\t<div class=\"elementor-column elementor-col-100 elementor-top-column elementor-element elementor-element-59d9397\" data-id=\"59d9397\" data-element_type=\"column\" data-e-type=\"column\">\n\t\t\t<div class=\"elementor-widget-wrap elementor-element-populated\">\n\t\t\t\t\t\t<div class=\"elementor-element elementor-element-98c6de2 elementor-widget elementor-widget-spacer\" data-id=\"98c6de2\" data-element_type=\"widget\" data-e-type=\"widget\" data-widget_type=\"spacer.default\">\n\t\t\t\t<div class=\"elementor-widget-container\">\n\t\t\t\t\t\t\t<div class=\"elementor-spacer\">\n\t\t\t<div class=\"elementor-spacer-inner\"><\/div>\n\t\t<\/div>\n\t\t\t\t\t\t<\/div>\n\t\t\t\t<\/div>\n\t\t\t\t\t<\/div>\n\t\t<\/div>\n\t\t\t\t\t<\/div>\n\t\t<\/section>\n\t\t\t\t<\/div>\n\t\t","protected":false},"excerpt":{"rendered":"<p>Accueil Code de conduite professionnelle 1 &#8211; Le Consultant Solutions Nd\u00e9by met son exp\u00e9rience et ses connaissances au service du client. Il n&rsquo;accepte que les missions pour lesquelles il est comp\u00e9tent et se porte garant des comp\u00e9tences du personnel qui l&rsquo;assiste et des m\u00e9thodes et outils qu&rsquo;il met en oeuvre dans l&rsquo;accomplissement de sa mission. [&hellip;]<\/p>\n","protected":false},"author":1,"featured_media":0,"parent":0,"menu_order":0,"comment_status":"closed","ping_status":"closed","template":"elementor_header_footer","meta":{"footnotes":""},"class_list":["post-662","page","type-page","status-publish","hentry"],"_links":{"self":[{"href":"https:\/\/ndeby.org\/index.php\/wp-json\/wp\/v2\/pages\/662","targetHints":{"allow":["GET"]}}],"collection":[{"href":"https:\/\/ndeby.org\/index.php\/wp-json\/wp\/v2\/pages"}],"about":[{"href":"https:\/\/ndeby.org\/index.php\/wp-json\/wp\/v2\/types\/page"}],"author":[{"embeddable":true,"href":"https:\/\/ndeby.org\/index.php\/wp-json\/wp\/v2\/users\/1"}],"replies":[{"embeddable":true,"href":"https:\/\/ndeby.org\/index.php\/wp-json\/wp\/v2\/comments?post=662"}],"version-history":[{"count":4,"href":"https:\/\/ndeby.org\/index.php\/wp-json\/wp\/v2\/pages\/662\/revisions"}],"predecessor-version":[{"id":696,"href":"https:\/\/ndeby.org\/index.php\/wp-json\/wp\/v2\/pages\/662\/revisions\/696"}],"wp:attachment":[{"href":"https:\/\/ndeby.org\/index.php\/wp-json\/wp\/v2\/media?parent=662"}],"curies":[{"name":"wp","href":"https:\/\/api.w.org\/{rel}","templated":true}]}}