{"id":33,"date":"2022-04-01T15:40:31","date_gmt":"2022-04-01T13:40:31","guid":{"rendered":"http:\/\/ndeby.org\/?page_id=33"},"modified":"2022-04-07T12:57:53","modified_gmt":"2022-04-07T10:57:53","slug":"mentions-legales","status":"publish","type":"page","link":"https:\/\/ndeby.org\/index.php\/mentions-legales\/","title":{"rendered":"Mentions l\u00e9gales"},"content":{"rendered":"\t\t<div data-elementor-type=\"wp-page\" data-elementor-id=\"33\" class=\"elementor elementor-33\" data-elementor-post-type=\"page\">\n\t\t\t\t\t\t<section class=\"elementor-section elementor-top-section elementor-element elementor-element-29a24d4 elementor-section-boxed elementor-section-height-default elementor-section-height-default\" data-id=\"29a24d4\" data-element_type=\"section\" data-e-type=\"section\" data-settings=\"{&quot;background_background&quot;:&quot;classic&quot;}\">\n\t\t\t\t\t\t\t<div class=\"elementor-background-overlay\"><\/div>\n\t\t\t\t\t\t\t<div class=\"elementor-container elementor-column-gap-default\">\n\t\t\t\t\t<div class=\"elementor-column elementor-col-100 elementor-top-column elementor-element elementor-element-459aa5d\" data-id=\"459aa5d\" data-element_type=\"column\" data-e-type=\"column\">\n\t\t\t<div class=\"elementor-widget-wrap elementor-element-populated\">\n\t\t\t\t\t\t<div class=\"elementor-element elementor-element-3d502fc elementor-icon-list--layout-inline elementor-align-center elementor-list-item-link-full_width elementor-widget elementor-widget-icon-list\" data-id=\"3d502fc\" data-element_type=\"widget\" data-e-type=\"widget\" data-widget_type=\"icon-list.default\">\n\t\t\t\t<div class=\"elementor-widget-container\">\n\t\t\t\t\t\t\t<ul class=\"elementor-icon-list-items elementor-inline-items\">\n\t\t\t\t\t\t\t<li class=\"elementor-icon-list-item elementor-inline-item\">\n\t\t\t\t\t\t\t\t\t\t\t<a href=\"https:\/\/ndeby.org\">\n\n\t\t\t\t\t\t\t\t\t\t\t<span class=\"elementor-icon-list-text\">accueil<\/span>\n\t\t\t\t\t\t\t\t\t\t\t<\/a>\n\t\t\t\t\t\t\t\t\t<\/li>\n\t\t\t\t\t\t\t\t<li class=\"elementor-icon-list-item elementor-inline-item\">\n\t\t\t\t\t\t\t\t\t\t\t<span class=\"elementor-icon-list-icon\">\n\t\t\t\t\t\t\t<i aria-hidden=\"true\" class=\"fas fa-angle-right\"><\/i>\t\t\t\t\t\t<\/span>\n\t\t\t\t\t\t\t\t\t\t<span class=\"elementor-icon-list-text\"><\/span>\n\t\t\t\t\t\t\t\t\t<\/li>\n\t\t\t\t\t\t<\/ul>\n\t\t\t\t\t\t<\/div>\n\t\t\t\t<\/div>\n\t\t\t\t\t<\/div>\n\t\t<\/div>\n\t\t\t\t\t<\/div>\n\t\t<\/section>\n\t\t\t\t<section class=\"elementor-section elementor-top-section elementor-element elementor-element-fd783ed elementor-section-boxed elementor-section-height-default elementor-section-height-default\" data-id=\"fd783ed\" data-element_type=\"section\" data-e-type=\"section\">\n\t\t\t\t\t\t<div class=\"elementor-container elementor-column-gap-default\">\n\t\t\t\t\t<div class=\"elementor-column elementor-col-100 elementor-top-column elementor-element elementor-element-4905c9e\" data-id=\"4905c9e\" data-element_type=\"column\" data-e-type=\"column\">\n\t\t\t<div class=\"elementor-widget-wrap elementor-element-populated\">\n\t\t\t\t\t\t<div class=\"elementor-element elementor-element-7d34ff9 elementor-widget elementor-widget-text-editor\" data-id=\"7d34ff9\" data-element_type=\"widget\" data-e-type=\"widget\" data-widget_type=\"text-editor.default\">\n\t\t\t\t<div class=\"elementor-widget-container\">\n\t\t\t\t\t\t\t\t\t<p>Vie priv\u00e9e et Protection des donn\u00e9es personnelles\u00a0:\u00a0<\/p>\t\t\t\t\t\t\t\t<\/div>\n\t\t\t\t<\/div>\n\t\t\t\t<div class=\"elementor-element elementor-element-9419ab8 elementor-widget elementor-widget-text-editor\" data-id=\"9419ab8\" data-element_type=\"widget\" data-e-type=\"widget\" data-widget_type=\"text-editor.default\">\n\t\t\t\t<div class=\"elementor-widget-container\">\n\t\t\t\t\t\t\t\t\t<p>1 &#8211; Traitement des donn\u00e9es personnelles \/ Loi informatique et libert\u00e9s Le site Internet de Solutions Nd\u00e9by est enregistr\u00e9 aupr\u00e8s de la Commission nationale de l&rsquo;informatique et des libert\u00e9s (CNIL), sous le num\u00e9ro :\u00a0<span style=\"color: #2f8688;\"><strong>1508768<\/strong><\/span>. Les informations recueillies \u00e0 l&rsquo;occasion notamment de la r\u00e9ception d&rsquo;un courriel, d&rsquo;une commande de document ou d&rsquo;une inscription aux alertes par courriel, servent uniquement au traitement des abonnements ou des commandes et ne sont jamais transmises \u00e0 des tiers. La loi informatique et libert\u00e9s du 6 janvier 1978 vous donne un droit d&rsquo;acc\u00e8s, d&rsquo;opposition, de rectification et de suppression des donn\u00e9es vous concernant. Vous pouvez\u00a0 exercer ce droit en vous adressant \u00e0 l\u2019un des webmasters (<strong><span style=\"color: #2f8688;\"><u>contact @ndeby.com<\/u><\/span><\/strong>) ou par courrier \u00e0 l&rsquo;adresse suivante : Jacques Nd\u00e9by, 29, rue du Mont Alaric 11100 Narbonne &#8211; France. Pour rappel, les adresses IP des ordinateurs visitant le site de Solutions Nd\u00e9by sont enregistr\u00e9es uniquement \u00e0 des fins statistiques et ne sont pas conserv\u00e9es.<\/p>\t\t\t\t\t\t\t\t<\/div>\n\t\t\t\t<\/div>\n\t\t\t\t<div class=\"elementor-element elementor-element-b16d777 elementor-widget elementor-widget-text-editor\" data-id=\"b16d777\" data-element_type=\"widget\" data-e-type=\"widget\" data-widget_type=\"text-editor.default\">\n\t\t\t\t<div class=\"elementor-widget-container\">\n\t\t\t\t\t\t\t\t\t<p>2 &#8211; Comit\u00e9 \u00e9ditorial &#8211; Directeur de la publication du site : Jacques Nd\u00e9by, le comit\u00e9 \u00e9ditorial est compos\u00e9 de sympathisants de Solutions Nd\u00e9by. Il m\u00e8ne une r\u00e9flexion large sur l&rsquo;ensemble du site et d\u00e9finit la politique \u00e9ditoriale. Il est charg\u00e9 de proposer des informations \u00e0 mettre en ligne et de les enrichir r\u00e9guli\u00e8rement. Il valide les modifications \u00e0 apporter quant au contenu du site.<\/p>\t\t\t\t\t\t\t\t<\/div>\n\t\t\t\t<\/div>\n\t\t\t\t<div class=\"elementor-element elementor-element-4600a3b elementor-widget elementor-widget-text-editor\" data-id=\"4600a3b\" data-element_type=\"widget\" data-e-type=\"widget\" data-widget_type=\"text-editor.default\">\n\t\t\t\t<div class=\"elementor-widget-container\">\n\t\t\t\t\t\t\t\t\t<p>3 &#8211; La responsabilit\u00e9 de Solutions Nd\u00e9by ne saurait \u00eatre engag\u00e9e pour les informations contenues sur les sites vers lesquels renvoie le site\u00a0<strong><span style=\"color: #2f8688;\"><u>www.ndeby.com<\/u>.<\/span><\/strong><\/p>\t\t\t\t\t\t\t\t<\/div>\n\t\t\t\t<\/div>\n\t\t\t\t<div class=\"elementor-element elementor-element-a079942 elementor-widget elementor-widget-text-editor\" data-id=\"a079942\" data-element_type=\"widget\" data-e-type=\"widget\" data-widget_type=\"text-editor.default\">\n\t\t\t\t<div class=\"elementor-widget-container\">\n\t\t\t\t\t\t\t\t\t<p>Certains de nos sites Web contiennent des cookies Les cookies sont de petits fichiers texte qui sont envoy\u00e9s \u00e0 votre ordinateur par des sites Web pour enregistrer votre activit\u00e9 en ligne. Les cookies peuvent \u00eatre utilis\u00e9s sur nos sites Web pour aider \u00e0 personnaliser vos visites sur nos sites, pour am\u00e9liorer la mani\u00e8re dont vous utilisez certains aspects de nos sites et pour enregistrer votre activit\u00e9 en ligne. Vous pouvez d\u00e9sactiver les cookies en modifiant les param\u00e8tres de votre navigateur. Si vous d\u00e9sactivez les cookies, certaines fonctions du site peuvent ne pas fonctionner correctement.<\/p>\t\t\t\t\t\t\t\t<\/div>\n\t\t\t\t<\/div>\n\t\t\t\t<div class=\"elementor-element elementor-element-aa0af6a elementor-widget elementor-widget-text-editor\" data-id=\"aa0af6a\" data-element_type=\"widget\" data-e-type=\"widget\" data-widget_type=\"text-editor.default\">\n\t\t\t\t<div class=\"elementor-widget-container\">\n\t\t\t\t\t\t\t\t\t<p>4 &#8211; Solutions Nd\u00e9by ne saurait \u00eatre tenue responsable de tout pr\u00e9judice, direct ou indirect, de quelque nature que ce soit, r\u00e9sultant de l&rsquo;utilisation, m\u00eame partielle, des informations de ce site.<\/p>\t\t\t\t\t\t\t\t<\/div>\n\t\t\t\t<\/div>\n\t\t\t\t<div class=\"elementor-element elementor-element-686d4ac elementor-widget elementor-widget-text-editor\" data-id=\"686d4ac\" data-element_type=\"widget\" data-e-type=\"widget\" data-widget_type=\"text-editor.default\">\n\t\t\t\t<div class=\"elementor-widget-container\">\n\t\t\t\t\t\t\t\t\t<p>5 &#8211; Pour rappel, ce site n&rsquo;accepte aucune forme de publicit\u00e9, ni ne re\u00e7oit de fonds publicitaires.<\/p><p>Propri\u00e9t\u00e9 intellectuelle (Publication des travaux de Solutions Nd\u00e9by).\u00a0<br \/>En cas de reproduction d\u2019un document de Solutions Nd\u00e9by, l\u2019utilisation de la charte graphique et du logo de Solutions Nd\u00e9by n\u2019est autoris\u00e9e que dans les conditions suivantes :<\/p><ul><li>le document doit \u00eatre reproduit en int\u00e9gralit\u00e9, avec sa date ;<\/li><li>la reproduction ne doit comporter ni modification, ni ajout, ni publicit\u00e9 \u00e0 l\u2019int\u00e9rieur du texte ou accol\u00e9e au texte ;<\/li><li>la reproduction doit \u00eatre accompagn\u00e9e de la mention suivante : \u00ab document de Solutions Nd\u00e9by, disponible sur le <span style=\"color: #2f8688;\">site<u>www.ndeby.com<\/u><\/span>\u00a0\u00bb ;<\/li><li>le logo de Solutions Nd\u00e9by doit \u00eatre accol\u00e9 au titre.<\/li><\/ul><p>\u00c9tablir des liens vers le site de Solutions Nd\u00e9by.\u00a0<br \/>La cr\u00e9ation de liens hypertextes pointant vers le contenu du site<u><span style=\"color: #2f8688;\">www.ndeby.com<\/span>\u00a0<\/u>est autoris\u00e9e sous r\u00e9serve d\u2019\u00eatre accessible par l\u2019ouverture d\u2019une nouvelle fen\u00eatre. En aucun cas, les pages du site www.ndeby.com ne doivent \u00eatre incluses \u00e0 l&rsquo;int\u00e9rieur d&rsquo;un autre site.<\/p><p>Donn\u00e9es statistiques<br \/>Afin de vous assurer le meilleur service possible, nous proc\u00e9dons \u00e0 des mesures d\u2019audience de notre site (nombre de pages vues, activit\u00e9 des visiteurs etc.) via la technologie des cookies. Un cookie ne nous permet pas de vous identifier ; mais il enregistre des informations relatives \u00e0 la navigation de votre ordinateur sur notre site (les pages que vous avez consult\u00e9es, la date et l&rsquo;heure de la consultation, etc&#8230;) et qui seront lues lors de vos visites ult\u00e9rieures. Nous vous informons que vous pouvez vous opposer \u00e0 l&rsquo;enregistrement de cookies en configurant votre navigateur de la mani\u00e8re suivante :\u00a0<br \/><u>Pour Microsoft Internet Explorer 6.0 et au-del\u00e0 :\u00a0<\/u><br \/>1. choisissez le menu \u00ab\u00a0Outils\u00a0\u00bb (ou \u00ab\u00a0Tools\u00a0\u00bb), puis \u00ab\u00a0Options Internet\u00a0\u00bb<br \/>2. cliquez sur l&rsquo;onglet \u00ab\u00a0Confidentialit\u00e9\u00a0\u00bb<br \/>3. s\u00e9lectionnez le niveau souhait\u00e9 \u00e0 l&rsquo;aide du curseur\u00a0<br \/><u>Pour Mozilla Firefox :\u00a0<\/u><br \/>1. choisissez le menu \u00ab\u00a0Outils\u00a0\u00bb&gt;\u00a0\u00bbOptions\u00a0\u00bb\u00a0<br \/>2. cliquez sur l&rsquo;option \u00ab\u00a0Vie priv\u00e9e\u00a0\u00bb\u00a0<br \/>3. rubrique \u00ab\u00a0Cookies\u00a0\u00bb\u00a0<br \/><u>Pour Op\u00e9ra 6.0 et au-del\u00e0 :\u00a0<\/u><br \/>1. choisissez le menu \u00ab\u00a0Fichier\u00a0\u00bb&gt;\u00a0\u00bbPr\u00e9f\u00e9rences\u00a0\u00bb\u00a0<br \/>2. Vie Priv\u00e9e<\/p><p>H\u00e9bergement<br \/>Le site Internet de Solutions Nd\u00e9by est h\u00e9berg\u00e9 par : Hosteur, 2, avenue des d\u00e9port\u00e9s \u00a0\u00a0\u00a0\u00a0\u00a0\u00a0\u00a0\u00a0\u00a0\u00a0\u00a0\u00a0\u00a0\u00a0\u00a0\u00a0\u00a0\u00a0\u00a0\u00a0\u00a0\u00a0\u00a0\u00a0\u00a0\u00a0\u00a0\u00a0<br \/>13100 Aix en Provence France Fax : +33 (0)4 42 29 44 18<\/p>\t\t\t\t\t\t\t\t<\/div>\n\t\t\t\t<\/div>\n\t\t\t\t\t<\/div>\n\t\t<\/div>\n\t\t\t\t\t<\/div>\n\t\t<\/section>\n\t\t\t\t<\/div>\n\t\t","protected":false},"excerpt":{"rendered":"<p>accueil Vie priv\u00e9e et Protection des donn\u00e9es personnelles\u00a0:\u00a0 1 &#8211; Traitement des donn\u00e9es personnelles \/ Loi informatique et libert\u00e9s Le site Internet de Solutions Nd\u00e9by est enregistr\u00e9 aupr\u00e8s de la Commission nationale de l&rsquo;informatique et des libert\u00e9s (CNIL), sous le num\u00e9ro :\u00a01508768. Les informations recueillies \u00e0 l&rsquo;occasion notamment de la r\u00e9ception d&rsquo;un courriel, d&rsquo;une commande [&hellip;]<\/p>\n","protected":false},"author":1,"featured_media":0,"parent":0,"menu_order":0,"comment_status":"closed","ping_status":"closed","template":"elementor_header_footer","meta":{"footnotes":""},"class_list":["post-33","page","type-page","status-publish","hentry"],"_links":{"self":[{"href":"https:\/\/ndeby.org\/index.php\/wp-json\/wp\/v2\/pages\/33"}],"collection":[{"href":"https:\/\/ndeby.org\/index.php\/wp-json\/wp\/v2\/pages"}],"about":[{"href":"https:\/\/ndeby.org\/index.php\/wp-json\/wp\/v2\/types\/page"}],"author":[{"embeddable":true,"href":"https:\/\/ndeby.org\/index.php\/wp-json\/wp\/v2\/users\/1"}],"replies":[{"embeddable":true,"href":"https:\/\/ndeby.org\/index.php\/wp-json\/wp\/v2\/comments?post=33"}],"version-history":[{"count":7,"href":"https:\/\/ndeby.org\/index.php\/wp-json\/wp\/v2\/pages\/33\/revisions"}],"predecessor-version":[{"id":600,"href":"https:\/\/ndeby.org\/index.php\/wp-json\/wp\/v2\/pages\/33\/revisions\/600"}],"wp:attachment":[{"href":"https:\/\/ndeby.org\/index.php\/wp-json\/wp\/v2\/media?parent=33"}],"curies":[{"name":"wp","href":"https:\/\/api.w.org\/{rel}","templated":true}]}}