{"id":21,"date":"2022-04-01T12:52:25","date_gmt":"2022-04-01T10:52:25","guid":{"rendered":"http:\/\/ndeby.org\/?page_id=21"},"modified":"2022-04-07T12:56:47","modified_gmt":"2022-04-07T10:56:47","slug":"politique-de-confidentialite-2","status":"publish","type":"page","link":"https:\/\/ndeby.org\/index.php\/politique-de-confidentialite-2\/","title":{"rendered":"Politique de confidentialit\u00e9"},"content":{"rendered":"\t\t<div data-elementor-type=\"wp-page\" data-elementor-id=\"21\" class=\"elementor elementor-21\" data-elementor-post-type=\"page\">\n\t\t\t\t\t\t<section class=\"elementor-section elementor-top-section elementor-element elementor-element-164acc85 elementor-section-boxed elementor-section-height-default elementor-section-height-default\" data-id=\"164acc85\" data-element_type=\"section\" data-e-type=\"section\" data-settings=\"{&quot;background_background&quot;:&quot;classic&quot;}\">\n\t\t\t\t\t\t\t<div class=\"elementor-background-overlay\"><\/div>\n\t\t\t\t\t\t\t<div class=\"elementor-container elementor-column-gap-default\">\n\t\t\t\t\t<div class=\"elementor-column elementor-col-100 elementor-top-column elementor-element elementor-element-594e4b8d\" data-id=\"594e4b8d\" data-element_type=\"column\" data-e-type=\"column\">\n\t\t\t<div class=\"elementor-widget-wrap elementor-element-populated\">\n\t\t\t\t\t\t<div class=\"elementor-element elementor-element-26fc0fef elementor-icon-list--layout-inline elementor-align-center elementor-list-item-link-full_width elementor-widget elementor-widget-icon-list\" data-id=\"26fc0fef\" data-element_type=\"widget\" data-e-type=\"widget\" data-widget_type=\"icon-list.default\">\n\t\t\t\t<div class=\"elementor-widget-container\">\n\t\t\t\t\t\t\t<ul class=\"elementor-icon-list-items elementor-inline-items\">\n\t\t\t\t\t\t\t<li class=\"elementor-icon-list-item elementor-inline-item\">\n\t\t\t\t\t\t\t\t\t\t\t<a href=\"https:\/\/ndeby.org\">\n\n\t\t\t\t\t\t\t\t\t\t\t<span class=\"elementor-icon-list-text\">accueil<\/span>\n\t\t\t\t\t\t\t\t\t\t\t<\/a>\n\t\t\t\t\t\t\t\t\t<\/li>\n\t\t\t\t\t\t\t\t<li class=\"elementor-icon-list-item elementor-inline-item\">\n\t\t\t\t\t\t\t\t\t\t\t<span class=\"elementor-icon-list-icon\">\n\t\t\t\t\t\t\t<i aria-hidden=\"true\" class=\"fas fa-angle-right\"><\/i>\t\t\t\t\t\t<\/span>\n\t\t\t\t\t\t\t\t\t\t<span class=\"elementor-icon-list-text\"><\/span>\n\t\t\t\t\t\t\t\t\t<\/li>\n\t\t\t\t\t\t<\/ul>\n\t\t\t\t\t\t<\/div>\n\t\t\t\t<\/div>\n\t\t\t\t\t<\/div>\n\t\t<\/div>\n\t\t\t\t\t<\/div>\n\t\t<\/section>\n\t\t\t\t<section class=\"elementor-section elementor-top-section elementor-element elementor-element-3def2074 elementor-section-boxed elementor-section-height-default elementor-section-height-default\" data-id=\"3def2074\" data-element_type=\"section\" data-e-type=\"section\">\n\t\t\t\t\t\t<div class=\"elementor-container elementor-column-gap-default\">\n\t\t\t\t\t<div class=\"elementor-column elementor-col-100 elementor-top-column elementor-element elementor-element-66b10012\" data-id=\"66b10012\" data-element_type=\"column\" data-e-type=\"column\">\n\t\t\t<div class=\"elementor-widget-wrap elementor-element-populated\">\n\t\t\t\t\t\t<div class=\"elementor-element elementor-element-2b66e95 elementor-widget elementor-widget-text-editor\" data-id=\"2b66e95\" data-element_type=\"widget\" data-e-type=\"widget\" data-widget_type=\"text-editor.default\">\n\t\t\t\t<div class=\"elementor-widget-container\">\n\t\t\t\t\t\t\t\t\t<p>Ce site Web est g\u00e9r\u00e9 par, ou en son nom, Jacques Nd\u00e9by, 29, rue du Mont Alaric 11100 Narbonne,\u00a0 France. Nous g\u00e9rons, ou avons g\u00e9r\u00e9 en son nom, plusieurs sites Web ; certains de ces sites vous permettent de vous abonner ou de nous fournir des informations personnelles \u00e0 votre sujet. Il peut vous \u00eatre demand\u00e9 de vous abonner pour acc\u00e9der \u00e0 certaines fonctions ou promotions. Cette notice de notre politique de confidentialit\u00e9 vous explique comment ces informations sont utilis\u00e9es et comment nous contacter si vous souhaitez nous poser des questions ou nous faire part de vos pr\u00e9occupations.<\/p>\t\t\t\t\t\t\t\t<\/div>\n\t\t\t\t<\/div>\n\t\t\t\t<div class=\"elementor-element elementor-element-3cc7c32d elementor-widget elementor-widget-heading\" data-id=\"3cc7c32d\" data-element_type=\"widget\" data-e-type=\"widget\" data-widget_type=\"heading.default\">\n\t\t\t\t<div class=\"elementor-widget-container\">\n\t\t\t\t\t<h2 class=\"elementor-heading-title elementor-size-default\">1. Quel type d'informations recueillons-nous ?<\/h2>\t\t\t\t<\/div>\n\t\t\t\t<\/div>\n\t\t\t\t<div class=\"elementor-element elementor-element-a5e1941 elementor-widget elementor-widget-text-editor\" data-id=\"a5e1941\" data-element_type=\"widget\" data-e-type=\"widget\" data-widget_type=\"text-editor.default\">\n\t\t\t\t<div class=\"elementor-widget-container\">\n\t\t\t\t\t\t\t\t\t<p>Si vous choisissez de vous abonner \u00e0 nos sites, nous pourrons vous demander des renseignements tels que votre nom, votre adresse e-mail, votre adresse postale, votre \u00e2ge, votre sexe, votre num\u00e9ro de t\u00e9l\u00e9phone, votre identifiant skype\u00a0 ainsi que des informations sur vos attentes. Nos modules peuvent \u00e9galement inclure des questionnaires ayant pour but de nous faire conna\u00eetre votre opinion sur diff\u00e9rents produits et services. Si vous t\u00e9l\u00e9chargez du contenu \u00e0 partir de nos sites, nous v\u00e9rifierons automatiquement votre mat\u00e9riel. Si vous utilisez des outils communautaires, nous pourrons conserver le contenu et les communications que vous envoyez et recevez, et nous nous r\u00e9servons le droit de contr\u00f4ler vos communications. Nous pourrons \u00e9galement relever le d\u00e9tail de vos activit\u00e9s et de vos pr\u00e9f\u00e9rences personnelles lorsque vous visitez nos sites (voir \u00a0\u00bb Cookies \u00ab\u00a0, ci-dessous).<\/p><p>Veuillez toujours obtenir l&rsquo;autorisation de la personne concern\u00e9e avant de nous donner les coordonn\u00e9es d&rsquo;une autre personne (par exemple, pour les promotions envoyer \u00e0 un ami). Veuillez v\u00e9rifier que les coordonn\u00e9es personnelles que vous nous fournissez sont exactes et \u00e0 jour et tenez-nous au courant des modifications \u00e9ventuelles.<\/p>\t\t\t\t\t\t\t\t<\/div>\n\t\t\t\t<\/div>\n\t\t\t\t<div class=\"elementor-element elementor-element-a9dd0de elementor-widget elementor-widget-heading\" data-id=\"a9dd0de\" data-element_type=\"widget\" data-e-type=\"widget\" data-widget_type=\"heading.default\">\n\t\t\t\t<div class=\"elementor-widget-container\">\n\t\t\t\t\t<h2 class=\"elementor-heading-title elementor-size-default\">2. Que faisons-nous des informations recueillies ?<\/h2>\t\t\t\t<\/div>\n\t\t\t\t<\/div>\n\t\t\t\t<div class=\"elementor-element elementor-element-671d40a elementor-widget elementor-widget-text-editor\" data-id=\"671d40a\" data-element_type=\"widget\" data-e-type=\"widget\" data-widget_type=\"text-editor.default\">\n\t\t\t\t<div class=\"elementor-widget-container\">\n\t\t\t\t\t\t\t\t\t<p>Nous utilisons les informations recueillies de diff\u00e9rentes mani\u00e8res :<\/p><ul><li>pour g\u00e9rer nos sites Web et fournir les informations et les services que vous demandez, y compris les t\u00e9l\u00e9chargements, les salons de discussion, les bulletins d&rsquo;informations, les promotions et les concours<\/li><li>pour traiter vos demandes effectu\u00e9es aupr\u00e8s du service clients<\/li><li>pour effectuer des analyses et recherches internes en vue d&rsquo;am\u00e9liorer nos sites et nos autres produits et services<\/li><li>pour vous envoyer des messages publicitaires et des informations commerciales sur les produits et services de Solutions Nd\u00e9by, conform\u00e9ment \u00e0 ce qui est pr\u00e9vu par la loi ou sur demande de votre part (voir \u00ab Comment vous d\u00e9sabonner \u00bb ci-dessous)<\/li><li>pour envoyer des e-mails administratifs (si vous oubliez votre mot de passe, par exemple)<\/li><li>pour faire obstacle \u00e0 et d\u00e9tecter des actes frauduleux et un usage abusif de nos sites ou services.<\/li><\/ul>\t\t\t\t\t\t\t\t<\/div>\n\t\t\t\t<\/div>\n\t\t\t\t<div class=\"elementor-element elementor-element-840ca66 elementor-widget elementor-widget-heading\" data-id=\"840ca66\" data-element_type=\"widget\" data-e-type=\"widget\" data-widget_type=\"heading.default\">\n\t\t\t\t<div class=\"elementor-widget-container\">\n\t\t\t\t\t<h2 class=\"elementor-heading-title elementor-size-default\">3. Quels autres organismes ont acc\u00e8s \u00e0 vos informations?<\/h2>\t\t\t\t<\/div>\n\t\t\t\t<\/div>\n\t\t\t\t<div class=\"elementor-element elementor-element-eda25ca elementor-widget elementor-widget-text-editor\" data-id=\"eda25ca\" data-element_type=\"widget\" data-e-type=\"widget\" data-widget_type=\"text-editor.default\">\n\t\t\t\t<div class=\"elementor-widget-container\">\n\t\t\t\t\t\t\t\t\t<p>Nos filiales, nos distributeurs locaux et d&rsquo;autres organismes qui travaillent pour nous peuvent avoir acc\u00e8s \u00e0 vos informations afin de g\u00e9rer ces informations pour notre compte et vous fournir les informations et les services que vous nous demandez. Certaines de ces entreprises peuvent traiter vos informations en dehors de l&rsquo;Espace Economique Europ\u00e9en (EEE), aux Etats-Unis et au Japon par exemple. Il est possible que les lois sur la protection des donn\u00e9es dans ces pays n&rsquo;offrent pas le m\u00eame niveau de protection que dans l&rsquo;EEE. Si vous ne voulez pas que nous transf\u00e9rions vos informations de cette mani\u00e8re, nous vous conseillons de ne pas acc\u00e9der \u00e0 nos sites Web et de ne pas les utiliser.<\/p><p>Dans des circonstances exceptionnelles, nous pouvons divulguer vos informations personnelles si cela est requis par la loi ou pour prot\u00e9ger ou d\u00e9fendre notre soci\u00e9t\u00e9 ou d&rsquo;autres contre des activit\u00e9s ill\u00e9gales ou nuisibles. En cas de vente ou de restructuration de notre entreprise, vos coordonn\u00e9es pourront \u00eatre transf\u00e9r\u00e9es comme faisant partie de notre affaire.<\/p>\t\t\t\t\t\t\t\t<\/div>\n\t\t\t\t<\/div>\n\t\t\t\t<div class=\"elementor-element elementor-element-2132bce elementor-widget elementor-widget-heading\" data-id=\"2132bce\" data-element_type=\"widget\" data-e-type=\"widget\" data-widget_type=\"heading.default\">\n\t\t\t\t<div class=\"elementor-widget-container\">\n\t\t\t\t\t<h2 class=\"elementor-heading-title elementor-size-default\">4. Cookies <\/h2>\t\t\t\t<\/div>\n\t\t\t\t<\/div>\n\t\t\t\t<div class=\"elementor-element elementor-element-b069c6f elementor-widget elementor-widget-text-editor\" data-id=\"b069c6f\" data-element_type=\"widget\" data-e-type=\"widget\" data-widget_type=\"text-editor.default\">\n\t\t\t\t<div class=\"elementor-widget-container\">\n\t\t\t\t\t\t\t\t\t<p>Certains de nos sites Web contiennent des cookies Les cookies sont de petits fichiers texte qui sont envoy\u00e9s \u00e0 votre ordinateur par des sites Web pour enregistrer votre activit\u00e9 en ligne. Les cookies peuvent \u00eatre utilis\u00e9s sur nos sites Web pour aider \u00e0 personnaliser vos visites sur nos sites, pour am\u00e9liorer la mani\u00e8re dont vous utilisez certains aspects de nos sites et pour enregistrer votre activit\u00e9 en ligne. Vous pouvez d\u00e9sactiver les cookies en modifiant les param\u00e8tres de votre navigateur. Si vous d\u00e9sactivez les cookies, certaines fonctions du site peuvent ne pas fonctionner correctement.<\/p>\t\t\t\t\t\t\t\t<\/div>\n\t\t\t\t<\/div>\n\t\t\t\t<div class=\"elementor-element elementor-element-a249aed elementor-widget elementor-widget-heading\" data-id=\"a249aed\" data-element_type=\"widget\" data-e-type=\"widget\" data-widget_type=\"heading.default\">\n\t\t\t\t<div class=\"elementor-widget-container\">\n\t\t\t\t\t<h2 class=\"elementor-heading-title elementor-size-default\">5. S\u00e9curit\u00e9<\/h2>\t\t\t\t<\/div>\n\t\t\t\t<\/div>\n\t\t\t\t<div class=\"elementor-element elementor-element-eb97a70 elementor-widget elementor-widget-text-editor\" data-id=\"eb97a70\" data-element_type=\"widget\" data-e-type=\"widget\" data-widget_type=\"text-editor.default\">\n\t\t\t\t<div class=\"elementor-widget-container\">\n\t\t\t\t\t\t\t\t\t<p>Nous prenons toutes les mesures de s\u00e9curit\u00e9 commerciales utiles pour prot\u00e9ger vos informations personnelles. Ces mesures comprennent l&rsquo;\u00e9tablissement de processus et de proc\u00e9dures pour minimiser l&rsquo;acc\u00e8s non autoris\u00e9 \u00e0 vos informations ou leur divulgation. Nous ne pouvons toutefois pas garantir que ceci \u00e9liminera tous les risques d&rsquo;usage abusif de vos informations personnelles par des intrus. Veuillez conserver les mots de passe de vos comptes dans un lieu s\u00fbr et ne les divulguer \u00e0 personne. Il est imp\u00e9ratif que vous nous contactiez imm\u00e9diatement si vous avez connaissance d&rsquo;une utilisation non autoris\u00e9e de votre mot de passe ou de toute autre violation de s\u00e9curit\u00e9.<\/p><p>Les bulletins d&rsquo;informations, les salons de discussion et autres zones communautaires de nos sites sont ouverts au public. Evitez dans ces zones de divulguer des informations qui pourraient vous identifier ou identifier une autre personne. Nous ne pouvons pas \u00eatre tenus responsables de la protection ou de la s\u00e9curit\u00e9 des informations divulgu\u00e9es dans ces zones.<\/p>\t\t\t\t\t\t\t\t<\/div>\n\t\t\t\t<\/div>\n\t\t\t\t<div class=\"elementor-element elementor-element-41d9bd5 elementor-widget elementor-widget-heading\" data-id=\"41d9bd5\" data-element_type=\"widget\" data-e-type=\"widget\" data-widget_type=\"heading.default\">\n\t\t\t\t<div class=\"elementor-widget-container\">\n\t\t\t\t\t<h2 class=\"elementor-heading-title elementor-size-default\">6. Enfants<\/h2>\t\t\t\t<\/div>\n\t\t\t\t<\/div>\n\t\t\t\t<div class=\"elementor-element elementor-element-eaa6302 elementor-widget elementor-widget-text-editor\" data-id=\"eaa6302\" data-element_type=\"widget\" data-e-type=\"widget\" data-widget_type=\"text-editor.default\">\n\t\t\t\t<div class=\"elementor-widget-container\">\n\t\t\t\t\t\t\t\t\t<p>Nous nous engageons \u00e0 prendre en compte l&rsquo;inqui\u00e9tude des parents quant \u00e0 l&rsquo;utilisation des donn\u00e9es personnelles de leurs enfants. Nous demandons \u00e0 tous les visiteurs \u00e2g\u00e9s de moins de 13 ans (ou plus dans certains cas) d&rsquo;obtenir l&rsquo;autorisation d&rsquo;un parent ou tuteur avant de nous transmettre leurs informations personnelles.<\/p>\t\t\t\t\t\t\t\t<\/div>\n\t\t\t\t<\/div>\n\t\t\t\t<div class=\"elementor-element elementor-element-364e6f0 elementor-widget elementor-widget-heading\" data-id=\"364e6f0\" data-element_type=\"widget\" data-e-type=\"widget\" data-widget_type=\"heading.default\">\n\t\t\t\t<div class=\"elementor-widget-container\">\n\t\t\t\t\t<h2 class=\"elementor-heading-title elementor-size-default\">7. Comment vous d\u00e9sabonner<\/h2>\t\t\t\t<\/div>\n\t\t\t\t<\/div>\n\t\t\t\t<div class=\"elementor-element elementor-element-bc42804 elementor-widget elementor-widget-text-editor\" data-id=\"bc42804\" data-element_type=\"widget\" data-e-type=\"widget\" data-widget_type=\"text-editor.default\">\n\t\t\t\t<div class=\"elementor-widget-container\">\n\t\t\t\t\t\t\t\t\t<p>Si vous ne voulez plus recevoir des communications commerciales de notre part, veuillez suivre le lien que vous trouverez dans tout e-mail commercial ou vous rendre dans la zone d&rsquo;abonnement du site Web o\u00f9 vous vous \u00eates abonn\u00e9 et changer vos options de communication. Ou bien, si vous n&rsquo;\u00eates abonn\u00e9 sur aucun site, veuillez envoyer un e-mail \u00e0 unsubscribe@ndeby.com en mentionnant en objet \u00a0\u00bb D\u00e9sabonnement \u00ab\u00a0.<\/p>\t\t\t\t\t\t\t\t<\/div>\n\t\t\t\t<\/div>\n\t\t\t\t<div class=\"elementor-element elementor-element-544cb2c elementor-widget elementor-widget-heading\" data-id=\"544cb2c\" data-element_type=\"widget\" data-e-type=\"widget\" data-widget_type=\"heading.default\">\n\t\t\t\t<div class=\"elementor-widget-container\">\n\t\t\t\t\t<h2 class=\"elementor-heading-title elementor-size-default\">8. Comment nous contacter<\/h2>\t\t\t\t<\/div>\n\t\t\t\t<\/div>\n\t\t\t\t<div class=\"elementor-element elementor-element-12a2e27 elementor-widget elementor-widget-text-editor\" data-id=\"12a2e27\" data-element_type=\"widget\" data-e-type=\"widget\" data-widget_type=\"text-editor.default\">\n\t\t\t\t<div class=\"elementor-widget-container\">\n\t\t\t\t\t\t\t\t\t<p>Vous avez l\u00e9galement le droit de savoir quelles informations personnelles une organisation d\u00e9tient sur vous et comment ces informations sont trait\u00e9es. Si vous voulez savoir quelles informations nous d\u00e9tenons \u00e0 l&rsquo;heure actuelle sur vous, veuillez nous contacter par e-mail \u00e0 dpo@ndeby.com ou par lettre adress\u00e9e Jacques Nd\u00e9by, 29, rue du Mont Alaric, 11100 Narbonne &#8211; France, en pr\u00e9cisant l&rsquo;adresse du site Web sur lequel vous \u00eates inscrit. Veuillez remarquer que nous pourrons vous demander de nous donner une preuve de votre identit\u00e9 et qu&rsquo;une telle demande peut faire l&rsquo;objet de frais administratifs peu on\u00e9reux.<\/p>\t\t\t\t\t\t\t\t<\/div>\n\t\t\t\t<\/div>\n\t\t\t\t\t<\/div>\n\t\t<\/div>\n\t\t\t\t\t<\/div>\n\t\t<\/section>\n\t\t\t\t<\/div>\n\t\t","protected":false},"excerpt":{"rendered":"<p>accueil Ce site Web est g\u00e9r\u00e9 par, ou en son nom, Jacques Nd\u00e9by, 29, rue du Mont Alaric 11100 Narbonne,\u00a0 France. Nous g\u00e9rons, ou avons g\u00e9r\u00e9 en son nom, plusieurs sites Web ; certains de ces sites vous permettent de vous abonner ou de nous fournir des informations personnelles \u00e0 votre sujet. Il peut vous [&hellip;]<\/p>\n","protected":false},"author":1,"featured_media":0,"parent":0,"menu_order":0,"comment_status":"closed","ping_status":"closed","template":"elementor_header_footer","meta":{"footnotes":""},"class_list":["post-21","page","type-page","status-publish","hentry"],"_links":{"self":[{"href":"https:\/\/ndeby.org\/index.php\/wp-json\/wp\/v2\/pages\/21"}],"collection":[{"href":"https:\/\/ndeby.org\/index.php\/wp-json\/wp\/v2\/pages"}],"about":[{"href":"https:\/\/ndeby.org\/index.php\/wp-json\/wp\/v2\/types\/page"}],"author":[{"embeddable":true,"href":"https:\/\/ndeby.org\/index.php\/wp-json\/wp\/v2\/users\/1"}],"replies":[{"embeddable":true,"href":"https:\/\/ndeby.org\/index.php\/wp-json\/wp\/v2\/comments?post=21"}],"version-history":[{"count":13,"href":"https:\/\/ndeby.org\/index.php\/wp-json\/wp\/v2\/pages\/21\/revisions"}],"predecessor-version":[{"id":597,"href":"https:\/\/ndeby.org\/index.php\/wp-json\/wp\/v2\/pages\/21\/revisions\/597"}],"wp:attachment":[{"href":"https:\/\/ndeby.org\/index.php\/wp-json\/wp\/v2\/media?parent=21"}],"curies":[{"name":"wp","href":"https:\/\/api.w.org\/{rel}","templated":true}]}}