{"id":13,"date":"2022-04-01T12:48:11","date_gmt":"2022-04-01T10:48:11","guid":{"rendered":"http:\/\/ndeby.org\/?page_id=13"},"modified":"2022-04-07T16:44:34","modified_gmt":"2022-04-07T14:44:34","slug":"contact","status":"publish","type":"page","link":"https:\/\/ndeby.org\/index.php\/contact\/","title":{"rendered":"Contact"},"content":{"rendered":"\t\t<div data-elementor-type=\"wp-page\" data-elementor-id=\"13\" class=\"elementor elementor-13\" data-elementor-post-type=\"page\">\n\t\t\t\t\t\t<section class=\"elementor-section elementor-top-section elementor-element elementor-element-48e2284a elementor-section-boxed elementor-section-height-default elementor-section-height-default\" data-id=\"48e2284a\" data-element_type=\"section\" data-e-type=\"section\" data-settings=\"{&quot;background_background&quot;:&quot;classic&quot;}\">\n\t\t\t\t\t\t\t<div class=\"elementor-background-overlay\"><\/div>\n\t\t\t\t\t\t\t<div class=\"elementor-container elementor-column-gap-default\">\n\t\t\t\t\t<div class=\"elementor-column elementor-col-100 elementor-top-column elementor-element elementor-element-76ddeae1\" data-id=\"76ddeae1\" data-element_type=\"column\" data-e-type=\"column\">\n\t\t\t<div class=\"elementor-widget-wrap elementor-element-populated\">\n\t\t\t\t\t\t<div class=\"elementor-element elementor-element-14ff86b1 elementor-icon-list--layout-inline elementor-align-center elementor-list-item-link-full_width elementor-widget elementor-widget-icon-list\" data-id=\"14ff86b1\" data-element_type=\"widget\" data-e-type=\"widget\" data-widget_type=\"icon-list.default\">\n\t\t\t\t<div class=\"elementor-widget-container\">\n\t\t\t\t\t\t\t<ul class=\"elementor-icon-list-items elementor-inline-items\">\n\t\t\t\t\t\t\t<li class=\"elementor-icon-list-item elementor-inline-item\">\n\t\t\t\t\t\t\t\t\t\t\t<a href=\"https:\/\/ndeby.org\">\n\n\t\t\t\t\t\t\t\t\t\t\t<span class=\"elementor-icon-list-text\">Accueil<\/span>\n\t\t\t\t\t\t\t\t\t\t\t<\/a>\n\t\t\t\t\t\t\t\t\t<\/li>\n\t\t\t\t\t\t\t\t<li class=\"elementor-icon-list-item elementor-inline-item\">\n\t\t\t\t\t\t\t\t\t\t\t<span class=\"elementor-icon-list-icon\">\n\t\t\t\t\t\t\t<i aria-hidden=\"true\" class=\"fas fa-angle-right\"><\/i>\t\t\t\t\t\t<\/span>\n\t\t\t\t\t\t\t\t\t\t<span class=\"elementor-icon-list-text\"><\/span>\n\t\t\t\t\t\t\t\t\t<\/li>\n\t\t\t\t\t\t<\/ul>\n\t\t\t\t\t\t<\/div>\n\t\t\t\t<\/div>\n\t\t\t\t\t<\/div>\n\t\t<\/div>\n\t\t\t\t\t<\/div>\n\t\t<\/section>\n\t\t\t\t<section class=\"elementor-section elementor-top-section elementor-element elementor-element-421dad5f elementor-section-boxed elementor-section-height-default elementor-section-height-default\" data-id=\"421dad5f\" data-element_type=\"section\" data-e-type=\"section\">\n\t\t\t\t\t\t<div class=\"elementor-container elementor-column-gap-default\">\n\t\t\t\t\t<div class=\"elementor-column elementor-col-50 elementor-top-column elementor-element elementor-element-0bda492\" data-id=\"0bda492\" data-element_type=\"column\" data-e-type=\"column\">\n\t\t\t<div class=\"elementor-widget-wrap elementor-element-populated\">\n\t\t\t\t\t\t<div class=\"elementor-element elementor-element-e062c82 elementor-widget elementor-widget-heading\" data-id=\"e062c82\" data-element_type=\"widget\" data-e-type=\"widget\" data-widget_type=\"heading.default\">\n\t\t\t\t<div class=\"elementor-widget-container\">\n\t\t\t\t\t<h2 class=\"elementor-heading-title elementor-size-default\">Prendre contact<\/h2>\t\t\t\t<\/div>\n\t\t\t\t<\/div>\n\t\t\t\t<div class=\"elementor-element elementor-element-7cd51b08 elementor-widget elementor-widget-text-editor\" data-id=\"7cd51b08\" data-element_type=\"widget\" data-e-type=\"widget\" data-widget_type=\"text-editor.default\">\n\t\t\t\t<div class=\"elementor-widget-container\">\n\t\t\t\t\t\t\t\t\t<p>Le Consultant Solutions Nd\u00e9by met son exp\u00e9rience et ses connaissances au service du client. Il n&rsquo;accepte que les missions pour lesquelles il est comp\u00e9tent et se porte garant des comp\u00e9tences du personnel qui l&rsquo;assiste et des m\u00e9thodes et outils qu&rsquo;il met en \u0153uvre dans l&rsquo;accomplissement de sa mission.<\/p>\t\t\t\t\t\t\t\t<\/div>\n\t\t\t\t<\/div>\n\t\t\t\t<div class=\"elementor-element elementor-element-870642d ekit-equal-height-disable elementor-widget elementor-widget-elementskit-icon-box\" data-id=\"870642d\" data-element_type=\"widget\" data-e-type=\"widget\" data-widget_type=\"elementskit-icon-box.default\">\n\t\t\t\t<div class=\"elementor-widget-container\">\n\t\t\t\t\t<div class=\"ekit-wid-con\" >        <!-- link opening -->\n                <!-- end link opening -->\n\n        <div class=\"elementskit-infobox text-left text-left icon-lef-right-aligin elementor-animation- media  \">\n                    <div class=\"elementskit-box-header elementor-animation-\">\n                <div class=\"elementskit-info-box-icon  text-center\">\n                    <i aria-hidden=\"true\" class=\"elementkit-infobox-icon icon icon-email\"><\/i>\n                <\/div>\n          <\/div>\n                        <div class=\"box-body\">\n                            <h3 class=\"elementskit-info-box-title\">\n                    Envoyez-nous un courriel \u00e0                <\/h3>\n                        \t\t  \t<p>\ncontact@nd\u00e9dysolution.com<\/p>\n                                <\/div>\n        \n        \n                <\/div>\n        <\/div>\t\t\t\t<\/div>\n\t\t\t\t<\/div>\n\t\t\t\t<div class=\"elementor-element elementor-element-64e0f20 ekit-equal-height-disable elementor-widget elementor-widget-elementskit-icon-box\" data-id=\"64e0f20\" data-element_type=\"widget\" data-e-type=\"widget\" data-widget_type=\"elementskit-icon-box.default\">\n\t\t\t\t<div class=\"elementor-widget-container\">\n\t\t\t\t\t<div class=\"ekit-wid-con\" >        <!-- link opening -->\n                <!-- end link opening -->\n\n        <div class=\"elementskit-infobox text-left text-left icon-lef-right-aligin elementor-animation- media  \">\n                    <div class=\"elementskit-box-header elementor-animation-\">\n                <div class=\"elementskit-info-box-icon  text-center\">\n                    <i aria-hidden=\"true\" class=\"elementkit-infobox-icon icon icon-map-marker\"><\/i>\n                <\/div>\n          <\/div>\n                        <div class=\"box-body\">\n                            <h3 class=\"elementskit-info-box-title\">\n                     Notre emplacement                <\/h3>\n                        \t\t  \t<p>Kotto-Bloc, Douala<\/p>\n                                <\/div>\n        \n        \n                <\/div>\n        <\/div>\t\t\t\t<\/div>\n\t\t\t\t<\/div>\n\t\t\t\t<div class=\"elementor-element elementor-element-753f2f2 ekit-equal-height-disable elementor-widget elementor-widget-elementskit-icon-box\" data-id=\"753f2f2\" data-element_type=\"widget\" data-e-type=\"widget\" data-widget_type=\"elementskit-icon-box.default\">\n\t\t\t\t<div class=\"elementor-widget-container\">\n\t\t\t\t\t<div class=\"ekit-wid-con\" >        <!-- link opening -->\n                <!-- end link opening -->\n\n        <div class=\"elementskit-infobox text-left text-left icon-lef-right-aligin elementor-animation- media  \">\n                    <div class=\"elementskit-box-header elementor-animation-\">\n                <div class=\"elementskit-info-box-icon  text-center\">\n                    <i aria-hidden=\"true\" class=\"elementkit-infobox-icon icon icon-phone1\"><\/i>\n                <\/div>\n          <\/div>\n                        <div class=\"box-body\">\n                            <h3 class=\"elementskit-info-box-title\">\n                    Appelez-nous au                <\/h3>\n                        \t\t  \t<p>(237) 677 055 441<\/p>\n                                <\/div>\n        \n        \n                <\/div>\n        <\/div>\t\t\t\t<\/div>\n\t\t\t\t<\/div>\n\t\t\t\t\t<\/div>\n\t\t<\/div>\n\t\t\t\t<div class=\"elementor-column elementor-col-50 elementor-top-column elementor-element elementor-element-4c3d7200\" data-id=\"4c3d7200\" data-element_type=\"column\" data-e-type=\"column\" data-settings=\"{&quot;background_background&quot;:&quot;classic&quot;}\">\n\t\t\t<div class=\"elementor-widget-wrap elementor-element-populated\">\n\t\t\t\t\t\t<div class=\"elementor-element elementor-element-4b1b449 elementor-widget elementor-widget-wpforms\" data-id=\"4b1b449\" data-element_type=\"widget\" data-e-type=\"widget\" data-widget_type=\"wpforms.default\">\n\t\t\t\t<div class=\"elementor-widget-container\">\n\t\t\t\t\t<div class=\"wpforms-container wpforms-container-full\" id=\"wpforms-640\"><form id=\"wpforms-form-640\" class=\"wpforms-validate wpforms-form\" data-formid=\"640\" method=\"post\" enctype=\"multipart\/form-data\" action=\"\/index.php\/wp-json\/wp\/v2\/pages\/13\" data-token=\"efc99a0e6f0a133558bf84b540efbac3\"><noscript class=\"wpforms-error-noscript\">Veuillez activer JavaScript dans votre navigateur pour remplir ce formulaire.<\/noscript><div class=\"wpforms-field-container\"><div id=\"wpforms-640-field_1-container\" class=\"wpforms-field wpforms-field-name\" data-field-id=\"1\"><label class=\"wpforms-field-label wpforms-label-hide\" for=\"wpforms-640-field_1\">Name <span class=\"wpforms-required-label\">*<\/span><\/label><div class=\"wpforms-field-row wpforms-field-large\"><div class=\"wpforms-field-row-block wpforms-first wpforms-one-half\"><input type=\"text\" id=\"wpforms-640-field_1\" class=\"wpforms-field-name-first wpforms-field-required\" name=\"wpforms[fields][1][first]\" placeholder=\"Nom\" required><label for=\"wpforms-640-field_1\" class=\"wpforms-field-sublabel after wpforms-sublabel-hide\">Pr\u00e9nom<\/label><\/div><div class=\"wpforms-field-row-block wpforms-one-half\"><input type=\"text\" id=\"wpforms-640-field_1-last\" class=\"wpforms-field-name-last wpforms-field-required\" name=\"wpforms[fields][1][last]\" placeholder=\"Pr\u00e9nom\" required><label for=\"wpforms-640-field_1-last\" class=\"wpforms-field-sublabel after wpforms-sublabel-hide\">Nom<\/label><\/div><\/div><\/div><div id=\"wpforms-640-field_2-container\" class=\"wpforms-field wpforms-field-email\" data-field-id=\"2\"><label class=\"wpforms-field-label wpforms-label-hide\" for=\"wpforms-640-field_2\">Email <span class=\"wpforms-required-label\">*<\/span><\/label><input type=\"email\" id=\"wpforms-640-field_2\" class=\"wpforms-field-large wpforms-field-required\" name=\"wpforms[fields][2]\" placeholder=\"Email\" required><\/div><div id=\"wpforms-640-field_3-container\" class=\"wpforms-field wpforms-field-phone\" data-field-id=\"3\"><label class=\"wpforms-field-label wpforms-label-hide\" for=\"wpforms-640-field_3\">T\u00e9l\u00e9phone <span class=\"wpforms-required-label\">*<\/span><\/label><input type=\"tel\" id=\"wpforms-640-field_3\" class=\"wpforms-field-large wpforms-field-required wpforms-smart-phone-field\" data-rule-smart-phone-field=\"true\" name=\"wpforms[fields][3]\" placeholder=\"T\u00e9l\u00e9phone\" required><\/div><div id=\"wpforms-640-field_9-container\" class=\"wpforms-field wpforms-field-textarea\" data-field-id=\"9\"><label class=\"wpforms-field-label wpforms-label-hide\" for=\"wpforms-640-field_9\">Sujet <span class=\"wpforms-required-label\">*<\/span><\/label><textarea id=\"wpforms-640-field_9\" class=\"wpforms-field-small wpforms-field-required\" name=\"wpforms[fields][9]\" placeholder=\"Message\" required><\/textarea><\/div><div id=\"wpforms-640-field_10-container\" class=\"wpforms-field wpforms-field-textarea\" data-field-id=\"10\"><label class=\"wpforms-field-label wpforms-label-hide\" for=\"wpforms-640-field_10\">Message (copy) <span class=\"wpforms-required-label\">*<\/span><\/label><textarea id=\"wpforms-640-field_10\" class=\"wpforms-field-medium wpforms-field-required\" name=\"wpforms[fields][10]\" placeholder=\"Message\" required><\/textarea><\/div><\/div><div class=\"wpforms-submit-container\" ><input type=\"hidden\" name=\"wpforms[id]\" value=\"640\"><input type=\"hidden\" name=\"wpforms[author]\" value=\"1\"><button type=\"submit\" name=\"wpforms[submit]\" class=\"wpforms-submit \" id=\"wpforms-submit-640\" value=\"wpforms-submit\" aria-live=\"assertive\" data-alt-text=\"encoure d&#039;envoie\u2026\" data-submit-text=\"C&#039;est parti !\">C&#039;est parti !<\/button><\/div><\/form><\/div>  <!-- .wpforms-container -->\t\t\t\t<\/div>\n\t\t\t\t<\/div>\n\t\t\t\t\t<\/div>\n\t\t<\/div>\n\t\t\t\t\t<\/div>\n\t\t<\/section>\n\t\t\t\t<section class=\"elementor-section elementor-top-section elementor-element elementor-element-60cc64bd elementor-section-full_width elementor-section-height-default elementor-section-height-default\" data-id=\"60cc64bd\" data-element_type=\"section\" data-e-type=\"section\">\n\t\t\t\t\t\t<div class=\"elementor-container elementor-column-gap-no\">\n\t\t\t\t\t<div class=\"elementor-column elementor-col-100 elementor-top-column elementor-element elementor-element-61b40947\" data-id=\"61b40947\" data-element_type=\"column\" data-e-type=\"column\">\n\t\t\t<div class=\"elementor-widget-wrap elementor-element-populated\">\n\t\t\t\t\t\t<div class=\"elementor-element elementor-element-38ed9634 elementor-widget elementor-widget-google_maps\" data-id=\"38ed9634\" data-element_type=\"widget\" data-e-type=\"widget\" data-widget_type=\"google_maps.default\">\n\t\t\t\t<div class=\"elementor-widget-container\">\n\t\t\t\t\t\t\t<div class=\"elementor-custom-embed\">\n\t\t\t<iframe loading=\"lazy\"\n\t\t\t\t\tsrc=\"https:\/\/maps.google.com\/maps?q=4%C2%B005%2757.6%22N%209%C2%B045%2710.4%22E&#038;t=m&#038;z=17&#038;output=embed&#038;iwloc=near\"\n\t\t\t\t\ttitle=\"4\u00b005&#039;57.6&quot;N 9\u00b045&#039;10.4&quot;E\"\n\t\t\t\t\taria-label=\"4\u00b005&#039;57.6&quot;N 9\u00b045&#039;10.4&quot;E\"\n\t\t\t><\/iframe>\n\t\t<\/div>\n\t\t\t\t\t\t<\/div>\n\t\t\t\t<\/div>\n\t\t\t\t\t<\/div>\n\t\t<\/div>\n\t\t\t\t\t<\/div>\n\t\t<\/section>\n\t\t\t\t<\/div>\n\t\t","protected":false},"excerpt":{"rendered":"<p>Accueil Prendre contact Le Consultant Solutions Nd\u00e9by met son exp\u00e9rience et ses connaissances au service du client. Il n&rsquo;accepte que les missions pour lesquelles il est comp\u00e9tent et se porte garant des comp\u00e9tences du personnel qui l&rsquo;assiste et des m\u00e9thodes et outils qu&rsquo;il met en \u0153uvre dans l&rsquo;accomplissement de sa mission. Envoyez-nous un courriel \u00e0 [&hellip;]<\/p>\n","protected":false},"author":1,"featured_media":0,"parent":0,"menu_order":0,"comment_status":"closed","ping_status":"closed","template":"elementor_header_footer","meta":{"footnotes":""},"class_list":["post-13","page","type-page","status-publish","hentry"],"_links":{"self":[{"href":"https:\/\/ndeby.org\/index.php\/wp-json\/wp\/v2\/pages\/13","targetHints":{"allow":["GET"]}}],"collection":[{"href":"https:\/\/ndeby.org\/index.php\/wp-json\/wp\/v2\/pages"}],"about":[{"href":"https:\/\/ndeby.org\/index.php\/wp-json\/wp\/v2\/types\/page"}],"author":[{"embeddable":true,"href":"https:\/\/ndeby.org\/index.php\/wp-json\/wp\/v2\/users\/1"}],"replies":[{"embeddable":true,"href":"https:\/\/ndeby.org\/index.php\/wp-json\/wp\/v2\/comments?post=13"}],"version-history":[{"count":22,"href":"https:\/\/ndeby.org\/index.php\/wp-json\/wp\/v2\/pages\/13\/revisions"}],"predecessor-version":[{"id":649,"href":"https:\/\/ndeby.org\/index.php\/wp-json\/wp\/v2\/pages\/13\/revisions\/649"}],"wp:attachment":[{"href":"https:\/\/ndeby.org\/index.php\/wp-json\/wp\/v2\/media?parent=13"}],"curies":[{"name":"wp","href":"https:\/\/api.w.org\/{rel}","templated":true}]}}